{"id":862,"date":"2022-02-04T12:34:51","date_gmt":"2022-02-04T11:34:51","guid":{"rendered":"https:\/\/zkmetal.cz\/?page_id=862"},"modified":"2025-12-09T10:29:58","modified_gmt":"2025-12-09T09:29:58","slug":"3d-print","status":"publish","type":"page","link":"https:\/\/zkmetal.cz\/en\/3d-print\/","title":{"rendered":"3D print"},"content":{"rendered":"\t\t<div data-elementor-type=\"wp-page\" data-elementor-id=\"862\" class=\"elementor elementor-862 elementor-846\" data-elementor-post-type=\"page\">\n\t\t\t\t\t\t<section class=\"elementor-section elementor-top-section elementor-element elementor-element-1c9c0db7 elementor-section-boxed elementor-section-height-default elementor-section-height-default\" data-id=\"1c9c0db7\" data-element_type=\"section\">\n\t\t\t\t\t\t<div class=\"elementor-container elementor-column-gap-default\">\n\t\t\t\t\t<div class=\"elementor-column elementor-col-100 elementor-top-column elementor-element elementor-element-5bb6fc78\" data-id=\"5bb6fc78\" data-element_type=\"column\">\n\t\t\t<div class=\"elementor-widget-wrap elementor-element-populated\">\n\t\t\t\t\t\t<div class=\"elementor-element elementor-element-19356ac2 elementor-widget elementor-widget-breadcrumbs\" data-id=\"19356ac2\" data-element_type=\"widget\" data-widget_type=\"breadcrumbs.default\">\n\t\t\t\t<div class=\"elementor-widget-container\">\n\t\t\t\t\t<p id=\"breadcrumbs\"><span><span><a href=\"https:\/\/zkmetal.cz\/\">Home<\/a><\/span><\/span><\/p>\t\t\t\t<\/div>\n\t\t\t\t<\/div>\n\t\t\t\t\t<\/div>\n\t\t<\/div>\n\t\t\t\t\t<\/div>\n\t\t<\/section>\n\t\t\t\t<section class=\"elementor-section elementor-top-section elementor-element elementor-element-ed249f3 elementor-section-content-middle elementor-section-boxed elementor-section-height-default elementor-section-height-default\" data-id=\"ed249f3\" data-element_type=\"section\" data-settings=\"{&quot;background_background&quot;:&quot;classic&quot;,&quot;background_motion_fx_motion_fx_mouse&quot;:&quot;yes&quot;,&quot;background_motion_fx_mouseTrack_effect&quot;:&quot;yes&quot;,&quot;background_motion_fx_mouseTrack_speed&quot;:{&quot;unit&quot;:&quot;px&quot;,&quot;size&quot;:1,&quot;sizes&quot;:[]}}\">\n\t\t\t\t\t\t\t<div class=\"elementor-background-overlay\"><\/div>\n\t\t\t\t\t\t\t<div class=\"elementor-container elementor-column-gap-no\">\n\t\t\t\t\t<div class=\"elementor-column elementor-col-50 elementor-top-column elementor-element elementor-element-2097caa2 elementor-hidden-phone\" data-id=\"2097caa2\" data-element_type=\"column\">\n\t\t\t<div class=\"elementor-widget-wrap elementor-element-populated\">\n\t\t\t\t\t\t<div class=\"elementor-element elementor-element-566692b0 elementor-widget-divider--view-line elementor-widget elementor-widget-divider\" data-id=\"566692b0\" data-element_type=\"widget\" data-widget_type=\"divider.default\">\n\t\t\t\t<div class=\"elementor-widget-container\">\n\t\t\t\t\t\t\t<div class=\"elementor-divider\">\n\t\t\t<span class=\"elementor-divider-separator\">\n\t\t\t\t\t\t<\/span>\n\t\t<\/div>\n\t\t\t\t\t\t<\/div>\n\t\t\t\t<\/div>\n\t\t\t\t\t<\/div>\n\t\t<\/div>\n\t\t\t\t<div class=\"elementor-column elementor-col-50 elementor-top-column elementor-element elementor-element-20f1f4b3\" data-id=\"20f1f4b3\" data-element_type=\"column\">\n\t\t\t<div class=\"elementor-widget-wrap elementor-element-populated\">\n\t\t\t\t\t\t<div class=\"elementor-element elementor-element-345e6296 elementor-widget elementor-widget-heading\" data-id=\"345e6296\" data-element_type=\"widget\" data-widget_type=\"heading.default\">\n\t\t\t\t<div class=\"elementor-widget-container\">\n\t\t\t\t\t<h5 class=\"elementor-heading-title elementor-size-default\">3D print<\/h5>\t\t\t\t<\/div>\n\t\t\t\t<\/div>\n\t\t\t\t<div class=\"elementor-element elementor-element-479ccc38 elementor-widget elementor-widget-heading\" data-id=\"479ccc38\" data-element_type=\"widget\" data-widget_type=\"heading.default\">\n\t\t\t\t<div class=\"elementor-widget-container\">\n\t\t\t\t\t<h4 class=\"elementor-heading-title elementor-size-default\">Ultimaker S5\/ 3D printer<\/h4>\t\t\t\t<\/div>\n\t\t\t\t<\/div>\n\t\t\t\t<div class=\"elementor-element elementor-element-5c275c9f elementor-widget elementor-widget-text-editor\" data-id=\"5c275c9f\" data-element_type=\"widget\" data-widget_type=\"text-editor.default\">\n\t\t\t\t<div class=\"elementor-widget-container\">\n\t\t\t\t\t\t\t\t\t<p>As a modern company following technological trends, we have improved our fabrication with 3D printer Ultimaker 5 for guaranteeing a better quality of our products. With this printer, we are able now to save time and use it more effectively, deliver your demands faster and save costs. The printer improves the fabrication from machining to injection, reduces assembling defects, and simpy can print problematical parts. Another advantage and usage can be bringing the products into a materialistic form. We can now present the components in reality, whether it is about a machine piece, assembling components or even a work of art.<\/p>\t\t\t\t\t\t\t\t<\/div>\n\t\t\t\t<\/div>\n\t\t\t\t\t<\/div>\n\t\t<\/div>\n\t\t\t\t\t<\/div>\n\t\t<\/section>\n\t\t\t\t<section class=\"elementor-section elementor-top-section elementor-element elementor-element-f358563 elementor-section-content-middle elementor-section-boxed elementor-section-height-default elementor-section-height-default\" data-id=\"f358563\" data-element_type=\"section\">\n\t\t\t\t\t\t<div class=\"elementor-container elementor-column-gap-no\">\n\t\t\t\t\t<div class=\"elementor-column elementor-col-100 elementor-top-column elementor-element elementor-element-25d10096\" data-id=\"25d10096\" data-element_type=\"column\">\n\t\t\t<div class=\"elementor-widget-wrap elementor-element-populated\">\n\t\t\t\t\t\t<div class=\"elementor-element elementor-element-244266c9 elementor-widget elementor-widget-heading\" data-id=\"244266c9\" data-element_type=\"widget\" data-widget_type=\"heading.default\">\n\t\t\t\t<div class=\"elementor-widget-container\">\n\t\t\t\t\t<h4 class=\"elementor-heading-title elementor-size-default\">3D print<\/h4>\t\t\t\t<\/div>\n\t\t\t\t<\/div>\n\t\t\t\t<div class=\"elementor-element elementor-element-19aee995 elementor-widget elementor-widget-heading\" data-id=\"19aee995\" data-element_type=\"widget\" data-widget_type=\"heading.default\">\n\t\t\t\t<div class=\"elementor-widget-container\">\n\t\t\t\t\t<h5 class=\"elementor-heading-title elementor-size-default\">In the company ZK Metal s.r.o., we will be using this printer primarily for the fabrication of developing logistic pallets, many types of holders, clamps etc.<\/h5>\t\t\t\t<\/div>\n\t\t\t\t<\/div>\n\t\t\t\t<div class=\"elementor-element elementor-element-4bb6077 elementor-widget elementor-widget-video\" data-id=\"4bb6077\" data-element_type=\"widget\" data-settings=\"{&quot;youtube_url&quot;:&quot;https:\\\/\\\/www.youtube.com\\\/watch?v=eCBrNJF5KXo&quot;,&quot;video_type&quot;:&quot;youtube&quot;,&quot;controls&quot;:&quot;yes&quot;}\" data-widget_type=\"video.default\">\n\t\t\t\t<div class=\"elementor-widget-container\">\n\t\t\t\t\t\t\t<div class=\"elementor-wrapper elementor-open-inline\">\n\t\t\t<div class=\"elementor-video\"><\/div>\t\t<\/div>\n\t\t\t\t\t\t<\/div>\n\t\t\t\t<\/div>\n\t\t\t\t\t<\/div>\n\t\t<\/div>\n\t\t\t\t\t<\/div>\n\t\t<\/section>\n\t\t\t\t<\/div>\n\t\t","protected":false},"excerpt":{"rendered":"<p>3D print Ultimaker S5\/ 3D printer As a modern company following technological trends, we have improved our fabrication with 3D printer Ultimaker 5 for guaranteeing a better quality of our products. With this printer, we are able now to save time and use it more effectively, deliver your demands faster and save costs. The printer [&hellip;]<\/p>\n","protected":false},"author":1,"featured_media":0,"parent":0,"menu_order":0,"comment_status":"closed","ping_status":"closed","template":"elementor_canvas","meta":{"inline_featured_image":false,"site-sidebar-layout":"no-sidebar","site-content-layout":"page-builder","ast-site-content-layout":"full-width-container","site-content-style":"unboxed","site-sidebar-style":"unboxed","ast-global-header-display":"","ast-banner-title-visibility":"","ast-main-header-display":"disabled","ast-hfb-above-header-display":"","ast-hfb-below-header-display":"","ast-hfb-mobile-header-display":"","site-post-title":"disabled","ast-breadcrumbs-content":"disabled","ast-featured-img":"disabled","footer-sml-layout":"disabled","theme-transparent-header-meta":"default","adv-header-id-meta":"","stick-header-meta":"","header-above-stick-meta":"","header-main-stick-meta":"","header-below-stick-meta":"","astra-migrate-meta-layouts":"default","ast-page-background-enabled":"default","ast-page-background-meta":{"desktop":{"background-color":"","background-image":"","background-repeat":"repeat","background-position":"center center","background-size":"auto","background-attachment":"scroll","background-type":"","background-media":"","overlay-type":"","overlay-color":"","overlay-opacity":"","overlay-gradient":""},"tablet":{"background-color":"","background-image":"","background-repeat":"repeat","background-position":"center center","background-size":"auto","background-attachment":"scroll","background-type":"","background-media":"","overlay-type":"","overlay-color":"","overlay-opacity":"","overlay-gradient":""},"mobile":{"background-color":"","background-image":"","background-repeat":"repeat","background-position":"center center","background-size":"auto","background-attachment":"scroll","background-type":"","background-media":"","overlay-type":"","overlay-color":"","overlay-opacity":"","overlay-gradient":""}},"ast-content-background-meta":{"desktop":{"background-color":"var(--ast-global-color-5)","background-image":"","background-repeat":"repeat","background-position":"center center","background-size":"auto","background-attachment":"scroll","background-type":"","background-media":"","overlay-type":"","overlay-color":"","overlay-opacity":"","overlay-gradient":""},"tablet":{"background-color":"var(--ast-global-color-5)","background-image":"","background-repeat":"repeat","background-position":"center center","background-size":"auto","background-attachment":"scroll","background-type":"","background-media":"","overlay-type":"","overlay-color":"","overlay-opacity":"","overlay-gradient":""},"mobile":{"background-color":"var(--ast-global-color-5)","background-image":"","background-repeat":"repeat","background-position":"center center","background-size":"auto","background-attachment":"scroll","background-type":"","background-media":"","overlay-type":"","overlay-color":"","overlay-opacity":"","overlay-gradient":""}},"footnotes":""},"class_list":["post-862","page","type-page","status-publish","hentry"],"yoast_head":"<!-- This site is optimized with the Yoast SEO plugin v26.3 - https:\/\/yoast.com\/wordpress\/plugins\/seo\/ -->\n<title>3D print - KOVOV\u00ddROBA - ZK METAL, \u0160t\u00edty<\/title>\n<meta name=\"robots\" content=\"index, follow, max-snippet:-1, max-image-preview:large, max-video-preview:-1\" \/>\n<link rel=\"canonical\" href=\"https:\/\/zkmetal.cz\/3d-tiskarna\/\" \/>\n<meta property=\"og:locale\" content=\"en_US\" \/>\n<meta property=\"og:type\" content=\"article\" \/>\n<meta property=\"og:title\" content=\"3D print - KOVOV\u00ddROBA - ZK METAL, \u0160t\u00edty\" \/>\n<meta property=\"og:description\" content=\"3D print Ultimaker S5\/ 3D printer As a modern company following technological trends, we have improved our fabrication with 3D printer Ultimaker 5 for guaranteeing a better quality of our products. With this printer, we are able now to save time and use it more effectively, deliver your demands faster and save costs. The printer [&hellip;]\" \/>\n<meta property=\"og:url\" content=\"https:\/\/zkmetal.cz\/3d-tiskarna\/\" \/>\n<meta property=\"og:site_name\" content=\"KOVOV\u00ddROBA - ZK METAL, \u0160t\u00edty\" \/>\n<meta property=\"article:modified_time\" content=\"2025-12-09T09:29:58+00:00\" \/>\n<meta name=\"twitter:card\" content=\"summary_large_image\" \/>\n<meta name=\"twitter:label1\" content=\"Est. reading time\" \/>\n\t<meta name=\"twitter:data1\" content=\"1 minute\" \/>\n<script type=\"application\/ld+json\" class=\"yoast-schema-graph\">{\"@context\":\"https:\/\/schema.org\",\"@graph\":[{\"@type\":\"WebPage\",\"@id\":\"https:\/\/zkmetal.cz\/3d-tiskarna\/\",\"url\":\"https:\/\/zkmetal.cz\/3d-tiskarna\/\",\"name\":\"3D print - KOVOV\u00ddROBA - ZK METAL, \u0160t\u00edty\",\"isPartOf\":{\"@id\":\"https:\/\/zkmetal.cz\/#website\"},\"datePublished\":\"2022-02-04T11:34:51+00:00\",\"dateModified\":\"2025-12-09T09:29:58+00:00\",\"breadcrumb\":{\"@id\":\"https:\/\/zkmetal.cz\/3d-tiskarna\/#breadcrumb\"},\"inLanguage\":\"en-US\",\"potentialAction\":[{\"@type\":\"ReadAction\",\"target\":[\"https:\/\/zkmetal.cz\/3d-tiskarna\/\"]}]},{\"@type\":\"BreadcrumbList\",\"@id\":\"https:\/\/zkmetal.cz\/3d-tiskarna\/#breadcrumb\",\"itemListElement\":[{\"@type\":\"ListItem\",\"position\":1,\"name\":\"Home\",\"item\":\"https:\/\/zkmetal.cz\/\"},{\"@type\":\"ListItem\",\"position\":2,\"name\":\"3D print\"}]},{\"@type\":\"WebSite\",\"@id\":\"https:\/\/zkmetal.cz\/#website\",\"url\":\"https:\/\/zkmetal.cz\/\",\"name\":\"KOVOV\u00ddROBA - ZK METAL, \u0160t\u00edty\",\"description\":\"\",\"publisher\":{\"@id\":\"https:\/\/zkmetal.cz\/#organization\"},\"potentialAction\":[{\"@type\":\"SearchAction\",\"target\":{\"@type\":\"EntryPoint\",\"urlTemplate\":\"https:\/\/zkmetal.cz\/?s={search_term_string}\"},\"query-input\":{\"@type\":\"PropertyValueSpecification\",\"valueRequired\":true,\"valueName\":\"search_term_string\"}}],\"inLanguage\":\"en-US\"},{\"@type\":\"Organization\",\"@id\":\"https:\/\/zkmetal.cz\/#organization\",\"name\":\"KOVOV\u00ddROBA - ZK METAL, \u0160t\u00edty\",\"url\":\"https:\/\/zkmetal.cz\/\",\"logo\":{\"@type\":\"ImageObject\",\"inLanguage\":\"en-US\",\"@id\":\"https:\/\/zkmetal.cz\/#\/schema\/logo\/image\/\",\"url\":\"https:\/\/zkmetal.cz\/wp-content\/uploads\/2025\/09\/ZKMETAL_logo.svg\",\"contentUrl\":\"https:\/\/zkmetal.cz\/wp-content\/uploads\/2025\/09\/ZKMETAL_logo.svg\",\"width\":216,\"height\":75,\"caption\":\"KOVOV\u00ddROBA - ZK METAL, \u0160t\u00edty\"},\"image\":{\"@id\":\"https:\/\/zkmetal.cz\/#\/schema\/logo\/image\/\"}}]}<\/script>\n<!-- \/ Yoast SEO plugin. -->","yoast_head_json":{"title":"3D print - KOVOV\u00ddROBA - ZK METAL, \u0160t\u00edty","robots":{"index":"index","follow":"follow","max-snippet":"max-snippet:-1","max-image-preview":"max-image-preview:large","max-video-preview":"max-video-preview:-1"},"canonical":"https:\/\/zkmetal.cz\/3d-tiskarna\/","og_locale":"en_US","og_type":"article","og_title":"3D print - KOVOV\u00ddROBA - ZK METAL, \u0160t\u00edty","og_description":"3D print Ultimaker S5\/ 3D printer As a modern company following technological trends, we have improved our fabrication with 3D printer Ultimaker 5 for guaranteeing a better quality of our products. With this printer, we are able now to save time and use it more effectively, deliver your demands faster and save costs. The printer [&hellip;]","og_url":"https:\/\/zkmetal.cz\/3d-tiskarna\/","og_site_name":"KOVOV\u00ddROBA - ZK METAL, \u0160t\u00edty","article_modified_time":"2025-12-09T09:29:58+00:00","twitter_card":"summary_large_image","twitter_misc":{"Est. reading time":"1 minute"},"schema":{"@context":"https:\/\/schema.org","@graph":[{"@type":"WebPage","@id":"https:\/\/zkmetal.cz\/3d-tiskarna\/","url":"https:\/\/zkmetal.cz\/3d-tiskarna\/","name":"3D print - KOVOV\u00ddROBA - ZK METAL, \u0160t\u00edty","isPartOf":{"@id":"https:\/\/zkmetal.cz\/#website"},"datePublished":"2022-02-04T11:34:51+00:00","dateModified":"2025-12-09T09:29:58+00:00","breadcrumb":{"@id":"https:\/\/zkmetal.cz\/3d-tiskarna\/#breadcrumb"},"inLanguage":"en-US","potentialAction":[{"@type":"ReadAction","target":["https:\/\/zkmetal.cz\/3d-tiskarna\/"]}]},{"@type":"BreadcrumbList","@id":"https:\/\/zkmetal.cz\/3d-tiskarna\/#breadcrumb","itemListElement":[{"@type":"ListItem","position":1,"name":"Home","item":"https:\/\/zkmetal.cz\/"},{"@type":"ListItem","position":2,"name":"3D print"}]},{"@type":"WebSite","@id":"https:\/\/zkmetal.cz\/#website","url":"https:\/\/zkmetal.cz\/","name":"KOVOV\u00ddROBA - ZK METAL, \u0160t\u00edty","description":"","publisher":{"@id":"https:\/\/zkmetal.cz\/#organization"},"potentialAction":[{"@type":"SearchAction","target":{"@type":"EntryPoint","urlTemplate":"https:\/\/zkmetal.cz\/?s={search_term_string}"},"query-input":{"@type":"PropertyValueSpecification","valueRequired":true,"valueName":"search_term_string"}}],"inLanguage":"en-US"},{"@type":"Organization","@id":"https:\/\/zkmetal.cz\/#organization","name":"KOVOV\u00ddROBA - ZK METAL, \u0160t\u00edty","url":"https:\/\/zkmetal.cz\/","logo":{"@type":"ImageObject","inLanguage":"en-US","@id":"https:\/\/zkmetal.cz\/#\/schema\/logo\/image\/","url":"https:\/\/zkmetal.cz\/wp-content\/uploads\/2025\/09\/ZKMETAL_logo.svg","contentUrl":"https:\/\/zkmetal.cz\/wp-content\/uploads\/2025\/09\/ZKMETAL_logo.svg","width":216,"height":75,"caption":"KOVOV\u00ddROBA - ZK METAL, \u0160t\u00edty"},"image":{"@id":"https:\/\/zkmetal.cz\/#\/schema\/logo\/image\/"}}]}},"_links":{"self":[{"href":"https:\/\/zkmetal.cz\/en\/wp-json\/wp\/v2\/pages\/862","targetHints":{"allow":["GET"]}}],"collection":[{"href":"https:\/\/zkmetal.cz\/en\/wp-json\/wp\/v2\/pages"}],"about":[{"href":"https:\/\/zkmetal.cz\/en\/wp-json\/wp\/v2\/types\/page"}],"author":[{"embeddable":true,"href":"https:\/\/zkmetal.cz\/en\/wp-json\/wp\/v2\/users\/1"}],"replies":[{"embeddable":true,"href":"https:\/\/zkmetal.cz\/en\/wp-json\/wp\/v2\/comments?post=862"}],"version-history":[{"count":10,"href":"https:\/\/zkmetal.cz\/en\/wp-json\/wp\/v2\/pages\/862\/revisions"}],"predecessor-version":[{"id":1809,"href":"https:\/\/zkmetal.cz\/en\/wp-json\/wp\/v2\/pages\/862\/revisions\/1809"}],"wp:attachment":[{"href":"https:\/\/zkmetal.cz\/en\/wp-json\/wp\/v2\/media?parent=862"}],"curies":[{"name":"wp","href":"https:\/\/api.w.org\/{rel}","templated":true}]}}