{"id":664,"date":"2020-04-08T19:57:15","date_gmt":"2020-04-08T17:57:15","guid":{"rendered":"https:\/\/zkmetal.cz\/?page_id=664"},"modified":"2020-04-08T20:03:13","modified_gmt":"2020-04-08T18:03:13","slug":"powder-coating-plant","status":"publish","type":"page","link":"https:\/\/zkmetal.cz\/en\/powder-coating-plant\/","title":{"rendered":"Powder coating plant"},"content":{"rendered":"\t\t<div data-elementor-type=\"wp-page\" data-elementor-id=\"664\" class=\"elementor elementor-664 elementor-228\" data-elementor-post-type=\"page\">\n\t\t\t\t\t\t<section class=\"elementor-section elementor-top-section elementor-element elementor-element-18233b3 elementor-section-boxed elementor-section-height-default elementor-section-height-default\" data-id=\"18233b3\" data-element_type=\"section\">\n\t\t\t\t\t\t<div class=\"elementor-container elementor-column-gap-default\">\n\t\t\t\t\t<div class=\"elementor-column elementor-col-100 elementor-top-column elementor-element elementor-element-26284f1\" data-id=\"26284f1\" data-element_type=\"column\">\n\t\t\t<div class=\"elementor-widget-wrap elementor-element-populated\">\n\t\t\t\t\t\t<div class=\"elementor-element elementor-element-3d1d220 elementor-widget elementor-widget-breadcrumbs\" data-id=\"3d1d220\" data-element_type=\"widget\" data-widget_type=\"breadcrumbs.default\">\n\t\t\t\t<div class=\"elementor-widget-container\">\n\t\t\t\t\t<p id=\"breadcrumbs\"><span><span><a href=\"https:\/\/zkmetal.cz\/\">Home<\/a><\/span><\/span><\/p>\t\t\t\t<\/div>\n\t\t\t\t<\/div>\n\t\t\t\t\t<\/div>\n\t\t<\/div>\n\t\t\t\t\t<\/div>\n\t\t<\/section>\n\t\t\t\t<section class=\"elementor-section elementor-top-section elementor-element elementor-element-1a331a47 elementor-section-content-middle elementor-section-boxed elementor-section-height-default elementor-section-height-default\" data-id=\"1a331a47\" data-element_type=\"section\" data-settings=\"{&quot;background_background&quot;:&quot;classic&quot;,&quot;background_motion_fx_motion_fx_mouse&quot;:&quot;yes&quot;,&quot;background_motion_fx_mouseTrack_effect&quot;:&quot;yes&quot;,&quot;background_motion_fx_mouseTrack_speed&quot;:{&quot;unit&quot;:&quot;px&quot;,&quot;size&quot;:1,&quot;sizes&quot;:[]}}\">\n\t\t\t\t\t\t\t<div class=\"elementor-background-overlay\"><\/div>\n\t\t\t\t\t\t\t<div class=\"elementor-container elementor-column-gap-no\">\n\t\t\t\t\t<div class=\"elementor-column elementor-col-50 elementor-top-column elementor-element elementor-element-27131ed3 elementor-hidden-phone\" data-id=\"27131ed3\" data-element_type=\"column\">\n\t\t\t<div class=\"elementor-widget-wrap elementor-element-populated\">\n\t\t\t\t\t\t<div class=\"elementor-element elementor-element-6af880d3 elementor-widget-divider--view-line elementor-widget elementor-widget-divider\" data-id=\"6af880d3\" data-element_type=\"widget\" data-widget_type=\"divider.default\">\n\t\t\t\t<div class=\"elementor-widget-container\">\n\t\t\t\t\t\t\t<div class=\"elementor-divider\">\n\t\t\t<span class=\"elementor-divider-separator\">\n\t\t\t\t\t\t<\/span>\n\t\t<\/div>\n\t\t\t\t\t\t<\/div>\n\t\t\t\t<\/div>\n\t\t\t\t\t<\/div>\n\t\t<\/div>\n\t\t\t\t<div class=\"elementor-column elementor-col-50 elementor-top-column elementor-element elementor-element-3508bd07\" data-id=\"3508bd07\" data-element_type=\"column\">\n\t\t\t<div class=\"elementor-widget-wrap elementor-element-populated\">\n\t\t\t\t\t\t<div class=\"elementor-element elementor-element-1e451595 elementor-widget elementor-widget-heading\" data-id=\"1e451595\" data-element_type=\"widget\" data-widget_type=\"heading.default\">\n\t\t\t\t<div class=\"elementor-widget-container\">\n\t\t\t\t\t<h5 class=\"elementor-heading-title elementor-size-default\">Powder coating plant<\/h5>\t\t\t\t<\/div>\n\t\t\t\t<\/div>\n\t\t\t\t<div class=\"elementor-element elementor-element-37437b29 elementor-widget elementor-widget-heading\" data-id=\"37437b29\" data-element_type=\"widget\" data-widget_type=\"heading.default\">\n\t\t\t\t<div class=\"elementor-widget-container\">\n\t\t\t\t\t<h4 class=\"elementor-heading-title elementor-size-default\">Komaxit powder coating plant<\/h4>\t\t\t\t<\/div>\n\t\t\t\t<\/div>\n\t\t\t\t<div class=\"elementor-element elementor-element-731a566b elementor-widget elementor-widget-text-editor\" data-id=\"731a566b\" data-element_type=\"widget\" data-widget_type=\"text-editor.default\">\n\t\t\t\t<div class=\"elementor-widget-container\">\n\t\t\t\t\t\t\t\t\t<p>A powder coating plant is also part of our production, in order to offer you a full fabrication from design to final product. We provide top-quality workmanship and materials. We spray the templates manually and store the finished products in our roofed warehouse. We offer flexible delivery times, a personal approach to each order and a choice of a wide range of RAL shades.<\/p>\t\t\t\t\t\t\t\t<\/div>\n\t\t\t\t<\/div>\n\t\t\t\t\t<\/div>\n\t\t<\/div>\n\t\t\t\t\t<\/div>\n\t\t<\/section>\n\t\t\t\t<section class=\"elementor-section elementor-top-section elementor-element elementor-element-436393ac elementor-section-content-middle elementor-section-boxed elementor-section-height-default elementor-section-height-default\" data-id=\"436393ac\" data-element_type=\"section\">\n\t\t\t\t\t\t<div class=\"elementor-container elementor-column-gap-no\">\n\t\t\t\t\t<div class=\"elementor-column elementor-col-100 elementor-top-column elementor-element elementor-element-5670b42d\" data-id=\"5670b42d\" data-element_type=\"column\">\n\t\t\t<div class=\"elementor-widget-wrap elementor-element-populated\">\n\t\t\t\t\t\t<div class=\"elementor-element elementor-element-5e0ef2d5 elementor-widget elementor-widget-heading\" data-id=\"5e0ef2d5\" data-element_type=\"widget\" data-widget_type=\"heading.default\">\n\t\t\t\t<div class=\"elementor-widget-container\">\n\t\t\t\t\t<h4 class=\"elementor-heading-title elementor-size-default\">From our paint shop<\/h4>\t\t\t\t<\/div>\n\t\t\t\t<\/div>\n\t\t\t\t<div class=\"elementor-element elementor-element-4dc320 elementor-widget elementor-widget-heading\" data-id=\"4dc320\" data-element_type=\"widget\" data-widget_type=\"heading.default\">\n\t\t\t\t<div class=\"elementor-widget-container\">\n\t\t\t\t\t<h5 class=\"elementor-heading-title elementor-size-default\">Our priority is to deliver quality products to our customers on time and at a reasonable price which is mainly achieved thanks to the complexity of our production and the use of modern technologies.<\/h5>\t\t\t\t<\/div>\n\t\t\t\t<\/div>\n\t\t\t\t<div class=\"elementor-element elementor-element-78ec5649 elementor-skin-carousel elementor-pagination-type-bullets elementor-pagination-position-outside elementor-widget elementor-widget-media-carousel\" data-id=\"78ec5649\" data-element_type=\"widget\" data-settings=\"{&quot;space_between&quot;:{&quot;unit&quot;:&quot;px&quot;,&quot;size&quot;:29,&quot;sizes&quot;:[]},&quot;slides_per_view&quot;:&quot;3&quot;,&quot;skin&quot;:&quot;carousel&quot;,&quot;effect&quot;:&quot;slide&quot;,&quot;pagination&quot;:&quot;bullets&quot;,&quot;speed&quot;:500,&quot;loop&quot;:&quot;yes&quot;,&quot;space_between_tablet&quot;:{&quot;unit&quot;:&quot;px&quot;,&quot;size&quot;:10,&quot;sizes&quot;:[]},&quot;space_between_mobile&quot;:{&quot;unit&quot;:&quot;px&quot;,&quot;size&quot;:10,&quot;sizes&quot;:[]}}\" data-widget_type=\"media-carousel.default\">\n\t\t\t\t<div class=\"elementor-widget-container\">\n\t\t\t\t\t\t\t\t\t<div class=\"elementor-swiper\">\n\t\t\t\t\t<div class=\"elementor-main-swiper swiper\" role=\"region\" aria-roledescription=\"carousel\" aria-label=\"Slides\">\n\t\t\t\t<div class=\"swiper-wrapper\">\n\t\t\t\t\t\t\t\t\t\t\t<div class=\"swiper-slide\" role=\"group\" aria-roledescription=\"slide\">\n\t\t\t\t\t\t\t<a href=\"https:\/\/zkmetal.cz\/wp-content\/uploads\/2020\/03\/Praskova-lakovna_01.jpg\" data-elementor-open-lightbox=\"yes\" data-elementor-lightbox-slideshow=\"78ec5649\" data-elementor-lightbox-title=\"Pr\u00e1\u0161kov\u00e1 lakovna\" data-e-action-hash=\"#elementor-action%3Aaction%3Dlightbox%26settings%3DeyJpZCI6NDg1LCJ1cmwiOiJodHRwczpcL1wvemttZXRhbC5jelwvd3AtY29udGVudFwvdXBsb2Fkc1wvMjAyMFwvMDNcL1ByYXNrb3ZhLWxha292bmFfMDEuanBnIiwic2xpZGVzaG93IjoiNzhlYzU2NDkifQ%3D%3D\">\t\t<div class=\"elementor-carousel-image\" role=\"img\" aria-label=\"Pr\u00e1\u0161kov\u00e1 lakovna\" style=\"background-image: url(&#039;https:\/\/zkmetal.cz\/wp-content\/uploads\/2020\/03\/Praskova-lakovna_01.jpg&#039;)\">\n\n\t\t\t\n\t\t\t\t\t<\/div>\n\t\t\t\t\t<div class=\"elementor-carousel-image-overlay e-overlay-animation-fade\">\n\t\t\t\t<i class=\"fas fa-search-plus\"><\/i>\t\t\t<\/div>\n\t\t\t<\/a>\t\t\t\t\t\t<\/div>\n\t\t\t\t\t\t\t\t\t\t\t<div class=\"swiper-slide\" role=\"group\" aria-roledescription=\"slide\">\n\t\t\t\t\t\t\t<a href=\"https:\/\/zkmetal.cz\/wp-content\/uploads\/2020\/03\/Praskova-lakovna_02.jpg\" data-elementor-open-lightbox=\"yes\" data-elementor-lightbox-slideshow=\"78ec5649\" data-elementor-lightbox-title=\"Pr\u00e1\u0161kov\u00e1 lakovna\" data-e-action-hash=\"#elementor-action%3Aaction%3Dlightbox%26settings%3DeyJpZCI6NDg3LCJ1cmwiOiJodHRwczpcL1wvemttZXRhbC5jelwvd3AtY29udGVudFwvdXBsb2Fkc1wvMjAyMFwvMDNcL1ByYXNrb3ZhLWxha292bmFfMDIuanBnIiwic2xpZGVzaG93IjoiNzhlYzU2NDkifQ%3D%3D\">\t\t<div class=\"elementor-carousel-image\" role=\"img\" aria-label=\"Pr\u00e1\u0161kov\u00e1 lakovna\" style=\"background-image: url(&#039;https:\/\/zkmetal.cz\/wp-content\/uploads\/2020\/03\/Praskova-lakovna_02.jpg&#039;)\">\n\n\t\t\t\n\t\t\t\t\t<\/div>\n\t\t\t\t\t<div class=\"elementor-carousel-image-overlay e-overlay-animation-fade\">\n\t\t\t\t<i class=\"fas fa-search-plus\"><\/i>\t\t\t<\/div>\n\t\t\t<\/a>\t\t\t\t\t\t<\/div>\n\t\t\t\t\t\t\t\t\t\t\t<div class=\"swiper-slide\" role=\"group\" aria-roledescription=\"slide\">\n\t\t\t\t\t\t\t<a href=\"https:\/\/zkmetal.cz\/wp-content\/uploads\/2020\/03\/Praskova-lakovna_03.jpg\" data-elementor-open-lightbox=\"yes\" data-elementor-lightbox-slideshow=\"78ec5649\" data-elementor-lightbox-title=\"Pr\u00e1\u0161kov\u00e1 lakovna\" data-e-action-hash=\"#elementor-action%3Aaction%3Dlightbox%26settings%3DeyJpZCI6NDgzLCJ1cmwiOiJodHRwczpcL1wvemttZXRhbC5jelwvd3AtY29udGVudFwvdXBsb2Fkc1wvMjAyMFwvMDNcL1ByYXNrb3ZhLWxha292bmFfMDMuanBnIiwic2xpZGVzaG93IjoiNzhlYzU2NDkifQ%3D%3D\">\t\t<div class=\"elementor-carousel-image\" role=\"img\" aria-label=\"Pr\u00e1\u0161kov\u00e1 lakovna\" style=\"background-image: url(&#039;https:\/\/zkmetal.cz\/wp-content\/uploads\/2020\/03\/Praskova-lakovna_03.jpg&#039;)\">\n\n\t\t\t\n\t\t\t\t\t<\/div>\n\t\t\t\t\t<div class=\"elementor-carousel-image-overlay e-overlay-animation-fade\">\n\t\t\t\t<i class=\"fas fa-search-plus\"><\/i>\t\t\t<\/div>\n\t\t\t<\/a>\t\t\t\t\t\t<\/div>\n\t\t\t\t\t\t\t\t\t<\/div>\n\t\t\t\t\t\t\t\t\t\t\t\t\t\t\t\t\t\t\t\t<div class=\"swiper-pagination\"><\/div>\n\t\t\t\t\t\t\t\t\t\t\t\t<\/div>\n\t\t\t\t<\/div>\n\t\t\t\t\t\t\t\t<\/div>\n\t\t\t\t<\/div>\n\t\t\t\t\t<\/div>\n\t\t<\/div>\n\t\t\t\t\t<\/div>\n\t\t<\/section>\n\t\t\t\t<section class=\"elementor-section elementor-top-section elementor-element elementor-element-17713691 elementor-section-content-middle elementor-section-boxed elementor-section-height-default elementor-section-height-default\" data-id=\"17713691\" data-element_type=\"section\" data-settings=\"{&quot;background_background&quot;:&quot;classic&quot;}\">\n\t\t\t\t\t\t<div class=\"elementor-container elementor-column-gap-no\">\n\t\t\t\t\t<div class=\"elementor-column elementor-col-50 elementor-top-column elementor-element elementor-element-159ac275\" data-id=\"159ac275\" data-element_type=\"column\">\n\t\t\t<div class=\"elementor-widget-wrap elementor-element-populated\">\n\t\t\t\t\t\t<div class=\"elementor-element elementor-element-378f4b49 elementor-widget elementor-widget-heading\" data-id=\"378f4b49\" data-element_type=\"widget\" data-widget_type=\"heading.default\">\n\t\t\t\t<div class=\"elementor-widget-container\">\n\t\t\t\t\t<h3 class=\"elementor-heading-title elementor-size-default\">Technical specifications<\/h3>\t\t\t\t<\/div>\n\t\t\t\t<\/div>\n\t\t\t\t<div class=\"elementor-element elementor-element-474164bf elementor-align-left elementor-icon-list--layout-traditional elementor-list-item-link-full_width elementor-widget elementor-widget-icon-list\" data-id=\"474164bf\" data-element_type=\"widget\" data-widget_type=\"icon-list.default\">\n\t\t\t\t<div class=\"elementor-widget-container\">\n\t\t\t\t\t\t\t<ul class=\"elementor-icon-list-items\">\n\t\t\t\t\t\t\t<li class=\"elementor-icon-list-item\">\n\t\t\t\t\t\t\t\t\t\t<span class=\"elementor-icon-list-text\">Maximum product dimensions: length 3.5 m, width 2.4 m, height 2.6 m<\/span>\n\t\t\t\t\t\t\t\t\t<\/li>\n\t\t\t\t\t\t\t\t<li class=\"elementor-icon-list-item\">\n\t\t\t\t\t\t\t\t\t\t<span class=\"elementor-icon-list-text\">Maximum weight of 400 kg <\/span>\n\t\t\t\t\t\t\t\t\t<\/li>\n\t\t\t\t\t\t\t\t<li class=\"elementor-icon-list-item\">\n\t\t\t\t\t\t\t\t\t\t<span class=\"elementor-icon-list-text\">Pre-treatment: associated degreasing with phosphate<\/span>\n\t\t\t\t\t\t\t\t\t<\/li>\n\t\t\t\t\t\t\t\t<li class=\"elementor-icon-list-item\">\n\t\t\t\t\t\t\t\t\t\t<span class=\"elementor-icon-list-text\">Paint application: electro statics Wagner Sprint X1<\/span>\n\t\t\t\t\t\t\t\t\t<\/li>\n\t\t\t\t\t\t\t\t<li class=\"elementor-icon-list-item\">\n\t\t\t\t\t\t\t\t\t\t<span class=\"elementor-icon-list-text\">Wide range of RAL colours <\/span>\n\t\t\t\t\t\t\t\t\t<\/li>\n\t\t\t\t\t\t<\/ul>\n\t\t\t\t\t\t<\/div>\n\t\t\t\t<\/div>\n\t\t\t\t\t<\/div>\n\t\t<\/div>\n\t\t\t\t<div class=\"elementor-column elementor-col-50 elementor-top-column elementor-element elementor-element-329d4250\" data-id=\"329d4250\" data-element_type=\"column\">\n\t\t\t<div class=\"elementor-widget-wrap elementor-element-populated\">\n\t\t\t\t\t\t<div class=\"elementor-element elementor-element-7354548d elementor-widget elementor-widget-image\" data-id=\"7354548d\" data-element_type=\"widget\" data-widget_type=\"image.default\">\n\t\t\t\t<div class=\"elementor-widget-container\">\n\t\t\t\t\t\t\t\t\t\t\t\t\t\t\t<img fetchpriority=\"high\" decoding=\"async\" width=\"380\" height=\"299\" src=\"https:\/\/zkmetal.cz\/wp-content\/uploads\/2020\/03\/lakovna.jpg\" class=\"attachment-full size-full wp-image-509\" alt=\"\" srcset=\"https:\/\/zkmetal.cz\/wp-content\/uploads\/2020\/03\/lakovna.jpg 380w, https:\/\/zkmetal.cz\/wp-content\/uploads\/2020\/03\/lakovna-300x236.jpg 300w\" sizes=\"(max-width: 380px) 100vw, 380px\" \/>\t\t\t\t\t\t\t\t\t\t\t\t\t\t\t<\/div>\n\t\t\t\t<\/div>\n\t\t\t\t\t<\/div>\n\t\t<\/div>\n\t\t\t\t\t<\/div>\n\t\t<\/section>\n\t\t\t\t<\/div>\n\t\t","protected":false},"excerpt":{"rendered":"<p>Powder coating plant Komaxit powder coating plant A powder coating plant is also part of our production, in order to offer you a full fabrication from design to final product. We provide top-quality workmanship and materials. We spray the templates manually and store the finished products in our roofed warehouse. We offer flexible delivery times, [&hellip;]<\/p>\n","protected":false},"author":1,"featured_media":0,"parent":0,"menu_order":0,"comment_status":"closed","ping_status":"closed","template":"elementor_canvas","meta":{"inline_featured_image":false,"site-sidebar-layout":"no-sidebar","site-content-layout":"plain-container","ast-site-content-layout":"default","site-content-style":"default","site-sidebar-style":"default","ast-global-header-display":"","ast-banner-title-visibility":"","ast-main-header-display":"","ast-hfb-above-header-display":"","ast-hfb-below-header-display":"","ast-hfb-mobile-header-display":"","site-post-title":"disabled","ast-breadcrumbs-content":"","ast-featured-img":"disabled","footer-sml-layout":"","theme-transparent-header-meta":"default","adv-header-id-meta":"","stick-header-meta":"","header-above-stick-meta":"","header-main-stick-meta":"","header-below-stick-meta":"","astra-migrate-meta-layouts":"default","ast-page-background-enabled":"default","ast-page-background-meta":{"desktop":{"background-color":"","background-image":"","background-repeat":"repeat","background-position":"center center","background-size":"auto","background-attachment":"scroll","background-type":"","background-media":"","overlay-type":"","overlay-color":"","overlay-opacity":"","overlay-gradient":""},"tablet":{"background-color":"","background-image":"","background-repeat":"repeat","background-position":"center center","background-size":"auto","background-attachment":"scroll","background-type":"","background-media":"","overlay-type":"","overlay-color":"","overlay-opacity":"","overlay-gradient":""},"mobile":{"background-color":"","background-image":"","background-repeat":"repeat","background-position":"center center","background-size":"auto","background-attachment":"scroll","background-type":"","background-media":"","overlay-type":"","overlay-color":"","overlay-opacity":"","overlay-gradient":""}},"ast-content-background-meta":{"desktop":{"background-color":"var(--ast-global-color-5)","background-image":"","background-repeat":"repeat","background-position":"center center","background-size":"auto","background-attachment":"scroll","background-type":"","background-media":"","overlay-type":"","overlay-color":"","overlay-opacity":"","overlay-gradient":""},"tablet":{"background-color":"var(--ast-global-color-5)","background-image":"","background-repeat":"repeat","background-position":"center center","background-size":"auto","background-attachment":"scroll","background-type":"","background-media":"","overlay-type":"","overlay-color":"","overlay-opacity":"","overlay-gradient":""},"mobile":{"background-color":"var(--ast-global-color-5)","background-image":"","background-repeat":"repeat","background-position":"center center","background-size":"auto","background-attachment":"scroll","background-type":"","background-media":"","overlay-type":"","overlay-color":"","overlay-opacity":"","overlay-gradient":""}},"footnotes":""},"class_list":["post-664","page","type-page","status-publish","hentry"],"yoast_head":"<!-- This site is optimized with the Yoast SEO plugin v26.3 - https:\/\/yoast.com\/wordpress\/plugins\/seo\/ -->\n<title>Powder coating plant - KOVOV\u00ddROBA - ZK METAL, \u0160t\u00edty<\/title>\n<meta name=\"robots\" content=\"index, follow, max-snippet:-1, max-image-preview:large, max-video-preview:-1\" \/>\n<link rel=\"canonical\" href=\"https:\/\/zkmetal.cz\/en\/powder-coating-plant\/\" \/>\n<meta property=\"og:locale\" content=\"en_US\" \/>\n<meta property=\"og:type\" content=\"article\" \/>\n<meta property=\"og:title\" content=\"Powder coating plant - KOVOV\u00ddROBA - ZK METAL, \u0160t\u00edty\" \/>\n<meta property=\"og:description\" content=\"Powder coating plant Komaxit powder coating plant A powder coating plant is also part of our production, in order to offer you a full fabrication from design to final product. We provide top-quality workmanship and materials. We spray the templates manually and store the finished products in our roofed warehouse. We offer flexible delivery times, [&hellip;]\" \/>\n<meta property=\"og:url\" content=\"https:\/\/zkmetal.cz\/en\/powder-coating-plant\/\" \/>\n<meta property=\"og:site_name\" content=\"KOVOV\u00ddROBA - ZK METAL, \u0160t\u00edty\" \/>\n<meta property=\"article:modified_time\" content=\"2020-04-08T18:03:13+00:00\" \/>\n<meta property=\"og:image\" content=\"https:\/\/zkmetal.cz\/wp-content\/uploads\/2020\/03\/lakovna.jpg\" \/>\n\t<meta property=\"og:image:width\" content=\"380\" \/>\n\t<meta property=\"og:image:height\" content=\"299\" \/>\n\t<meta property=\"og:image:type\" content=\"image\/jpeg\" \/>\n<meta name=\"twitter:card\" content=\"summary_large_image\" \/>\n<meta name=\"twitter:label1\" content=\"Est. reading time\" \/>\n\t<meta name=\"twitter:data1\" content=\"1 minute\" \/>\n<script type=\"application\/ld+json\" class=\"yoast-schema-graph\">{\"@context\":\"https:\/\/schema.org\",\"@graph\":[{\"@type\":\"WebPage\",\"@id\":\"https:\/\/zkmetal.cz\/en\/powder-coating-plant\/\",\"url\":\"https:\/\/zkmetal.cz\/en\/powder-coating-plant\/\",\"name\":\"Powder coating plant - KOVOV\u00ddROBA - ZK METAL, \u0160t\u00edty\",\"isPartOf\":{\"@id\":\"https:\/\/zkmetal.cz\/#website\"},\"primaryImageOfPage\":{\"@id\":\"https:\/\/zkmetal.cz\/en\/powder-coating-plant\/#primaryimage\"},\"image\":{\"@id\":\"https:\/\/zkmetal.cz\/en\/powder-coating-plant\/#primaryimage\"},\"thumbnailUrl\":\"https:\/\/zkmetal.cz\/wp-content\/uploads\/2020\/03\/lakovna.jpg\",\"datePublished\":\"2020-04-08T17:57:15+00:00\",\"dateModified\":\"2020-04-08T18:03:13+00:00\",\"breadcrumb\":{\"@id\":\"https:\/\/zkmetal.cz\/en\/powder-coating-plant\/#breadcrumb\"},\"inLanguage\":\"en-US\",\"potentialAction\":[{\"@type\":\"ReadAction\",\"target\":[\"https:\/\/zkmetal.cz\/en\/powder-coating-plant\/\"]}]},{\"@type\":\"ImageObject\",\"inLanguage\":\"en-US\",\"@id\":\"https:\/\/zkmetal.cz\/en\/powder-coating-plant\/#primaryimage\",\"url\":\"https:\/\/zkmetal.cz\/wp-content\/uploads\/2020\/03\/lakovna.jpg\",\"contentUrl\":\"https:\/\/zkmetal.cz\/wp-content\/uploads\/2020\/03\/lakovna.jpg\"},{\"@type\":\"BreadcrumbList\",\"@id\":\"https:\/\/zkmetal.cz\/en\/powder-coating-plant\/#breadcrumb\",\"itemListElement\":[{\"@type\":\"ListItem\",\"position\":1,\"name\":\"Home\",\"item\":\"https:\/\/zkmetal.cz\/\"},{\"@type\":\"ListItem\",\"position\":2,\"name\":\"Powder coating plant\"}]},{\"@type\":\"WebSite\",\"@id\":\"https:\/\/zkmetal.cz\/#website\",\"url\":\"https:\/\/zkmetal.cz\/\",\"name\":\"KOVOV\u00ddROBA - ZK METAL, \u0160t\u00edty\",\"description\":\"\",\"publisher\":{\"@id\":\"https:\/\/zkmetal.cz\/#organization\"},\"potentialAction\":[{\"@type\":\"SearchAction\",\"target\":{\"@type\":\"EntryPoint\",\"urlTemplate\":\"https:\/\/zkmetal.cz\/?s={search_term_string}\"},\"query-input\":{\"@type\":\"PropertyValueSpecification\",\"valueRequired\":true,\"valueName\":\"search_term_string\"}}],\"inLanguage\":\"en-US\"},{\"@type\":\"Organization\",\"@id\":\"https:\/\/zkmetal.cz\/#organization\",\"name\":\"KOVOV\u00ddROBA - ZK METAL, \u0160t\u00edty\",\"url\":\"https:\/\/zkmetal.cz\/\",\"logo\":{\"@type\":\"ImageObject\",\"inLanguage\":\"en-US\",\"@id\":\"https:\/\/zkmetal.cz\/#\/schema\/logo\/image\/\",\"url\":\"https:\/\/zkmetal.cz\/wp-content\/uploads\/2025\/09\/ZKMETAL_logo.svg\",\"contentUrl\":\"https:\/\/zkmetal.cz\/wp-content\/uploads\/2025\/09\/ZKMETAL_logo.svg\",\"width\":216,\"height\":75,\"caption\":\"KOVOV\u00ddROBA - ZK METAL, \u0160t\u00edty\"},\"image\":{\"@id\":\"https:\/\/zkmetal.cz\/#\/schema\/logo\/image\/\"}}]}<\/script>\n<!-- \/ Yoast SEO plugin. -->","yoast_head_json":{"title":"Powder coating plant - KOVOV\u00ddROBA - ZK METAL, \u0160t\u00edty","robots":{"index":"index","follow":"follow","max-snippet":"max-snippet:-1","max-image-preview":"max-image-preview:large","max-video-preview":"max-video-preview:-1"},"canonical":"https:\/\/zkmetal.cz\/en\/powder-coating-plant\/","og_locale":"en_US","og_type":"article","og_title":"Powder coating plant - KOVOV\u00ddROBA - ZK METAL, \u0160t\u00edty","og_description":"Powder coating plant Komaxit powder coating plant A powder coating plant is also part of our production, in order to offer you a full fabrication from design to final product. We provide top-quality workmanship and materials. We spray the templates manually and store the finished products in our roofed warehouse. We offer flexible delivery times, [&hellip;]","og_url":"https:\/\/zkmetal.cz\/en\/powder-coating-plant\/","og_site_name":"KOVOV\u00ddROBA - ZK METAL, \u0160t\u00edty","article_modified_time":"2020-04-08T18:03:13+00:00","og_image":[{"width":380,"height":299,"url":"https:\/\/zkmetal.cz\/wp-content\/uploads\/2020\/03\/lakovna.jpg","type":"image\/jpeg"}],"twitter_card":"summary_large_image","twitter_misc":{"Est. reading time":"1 minute"},"schema":{"@context":"https:\/\/schema.org","@graph":[{"@type":"WebPage","@id":"https:\/\/zkmetal.cz\/en\/powder-coating-plant\/","url":"https:\/\/zkmetal.cz\/en\/powder-coating-plant\/","name":"Powder coating plant - KOVOV\u00ddROBA - ZK METAL, \u0160t\u00edty","isPartOf":{"@id":"https:\/\/zkmetal.cz\/#website"},"primaryImageOfPage":{"@id":"https:\/\/zkmetal.cz\/en\/powder-coating-plant\/#primaryimage"},"image":{"@id":"https:\/\/zkmetal.cz\/en\/powder-coating-plant\/#primaryimage"},"thumbnailUrl":"https:\/\/zkmetal.cz\/wp-content\/uploads\/2020\/03\/lakovna.jpg","datePublished":"2020-04-08T17:57:15+00:00","dateModified":"2020-04-08T18:03:13+00:00","breadcrumb":{"@id":"https:\/\/zkmetal.cz\/en\/powder-coating-plant\/#breadcrumb"},"inLanguage":"en-US","potentialAction":[{"@type":"ReadAction","target":["https:\/\/zkmetal.cz\/en\/powder-coating-plant\/"]}]},{"@type":"ImageObject","inLanguage":"en-US","@id":"https:\/\/zkmetal.cz\/en\/powder-coating-plant\/#primaryimage","url":"https:\/\/zkmetal.cz\/wp-content\/uploads\/2020\/03\/lakovna.jpg","contentUrl":"https:\/\/zkmetal.cz\/wp-content\/uploads\/2020\/03\/lakovna.jpg"},{"@type":"BreadcrumbList","@id":"https:\/\/zkmetal.cz\/en\/powder-coating-plant\/#breadcrumb","itemListElement":[{"@type":"ListItem","position":1,"name":"Home","item":"https:\/\/zkmetal.cz\/"},{"@type":"ListItem","position":2,"name":"Powder coating plant"}]},{"@type":"WebSite","@id":"https:\/\/zkmetal.cz\/#website","url":"https:\/\/zkmetal.cz\/","name":"KOVOV\u00ddROBA - ZK METAL, \u0160t\u00edty","description":"","publisher":{"@id":"https:\/\/zkmetal.cz\/#organization"},"potentialAction":[{"@type":"SearchAction","target":{"@type":"EntryPoint","urlTemplate":"https:\/\/zkmetal.cz\/?s={search_term_string}"},"query-input":{"@type":"PropertyValueSpecification","valueRequired":true,"valueName":"search_term_string"}}],"inLanguage":"en-US"},{"@type":"Organization","@id":"https:\/\/zkmetal.cz\/#organization","name":"KOVOV\u00ddROBA - ZK METAL, \u0160t\u00edty","url":"https:\/\/zkmetal.cz\/","logo":{"@type":"ImageObject","inLanguage":"en-US","@id":"https:\/\/zkmetal.cz\/#\/schema\/logo\/image\/","url":"https:\/\/zkmetal.cz\/wp-content\/uploads\/2025\/09\/ZKMETAL_logo.svg","contentUrl":"https:\/\/zkmetal.cz\/wp-content\/uploads\/2025\/09\/ZKMETAL_logo.svg","width":216,"height":75,"caption":"KOVOV\u00ddROBA - ZK METAL, \u0160t\u00edty"},"image":{"@id":"https:\/\/zkmetal.cz\/#\/schema\/logo\/image\/"}}]}},"_links":{"self":[{"href":"https:\/\/zkmetal.cz\/en\/wp-json\/wp\/v2\/pages\/664","targetHints":{"allow":["GET"]}}],"collection":[{"href":"https:\/\/zkmetal.cz\/en\/wp-json\/wp\/v2\/pages"}],"about":[{"href":"https:\/\/zkmetal.cz\/en\/wp-json\/wp\/v2\/types\/page"}],"author":[{"embeddable":true,"href":"https:\/\/zkmetal.cz\/en\/wp-json\/wp\/v2\/users\/1"}],"replies":[{"embeddable":true,"href":"https:\/\/zkmetal.cz\/en\/wp-json\/wp\/v2\/comments?post=664"}],"version-history":[{"count":5,"href":"https:\/\/zkmetal.cz\/en\/wp-json\/wp\/v2\/pages\/664\/revisions"}],"predecessor-version":[{"id":670,"href":"https:\/\/zkmetal.cz\/en\/wp-json\/wp\/v2\/pages\/664\/revisions\/670"}],"wp:attachment":[{"href":"https:\/\/zkmetal.cz\/en\/wp-json\/wp\/v2\/media?parent=664"}],"curies":[{"name":"wp","href":"https:\/\/api.w.org\/{rel}","templated":true}]}}