{"id":627,"date":"2020-04-08T18:37:26","date_gmt":"2020-04-08T16:37:26","guid":{"rendered":"https:\/\/zkmetal.cz\/?page_id=627"},"modified":"2020-04-08T20:15:25","modified_gmt":"2020-04-08T18:15:25","slug":"metal-pallets","status":"publish","type":"page","link":"https:\/\/zkmetal.cz\/en\/metal-pallets\/","title":{"rendered":"Metal pallets"},"content":{"rendered":"\t\t<div data-elementor-type=\"wp-page\" data-elementor-id=\"627\" class=\"elementor elementor-627 elementor-31\" data-elementor-post-type=\"page\">\n\t\t\t\t\t\t<section class=\"elementor-section elementor-top-section elementor-element elementor-element-d3a09dd elementor-section-boxed elementor-section-height-default elementor-section-height-default\" data-id=\"d3a09dd\" data-element_type=\"section\">\n\t\t\t\t\t\t<div class=\"elementor-container elementor-column-gap-default\">\n\t\t\t\t\t<div class=\"elementor-column elementor-col-100 elementor-top-column elementor-element elementor-element-7aa03bf\" data-id=\"7aa03bf\" data-element_type=\"column\">\n\t\t\t<div class=\"elementor-widget-wrap elementor-element-populated\">\n\t\t\t\t\t\t<div class=\"elementor-element elementor-element-a77bcc6 elementor-widget elementor-widget-breadcrumbs\" data-id=\"a77bcc6\" data-element_type=\"widget\" data-widget_type=\"breadcrumbs.default\">\n\t\t\t\t<div class=\"elementor-widget-container\">\n\t\t\t\t\t<p id=\"breadcrumbs\"><span><span><a href=\"https:\/\/zkmetal.cz\/\">Home<\/a><\/span><\/span><\/p>\t\t\t\t<\/div>\n\t\t\t\t<\/div>\n\t\t\t\t\t<\/div>\n\t\t<\/div>\n\t\t\t\t\t<\/div>\n\t\t<\/section>\n\t\t\t\t<section class=\"elementor-section elementor-top-section elementor-element elementor-element-83e7f75 elementor-section-content-middle elementor-section-boxed elementor-section-height-default elementor-section-height-default\" data-id=\"83e7f75\" data-element_type=\"section\" data-settings=\"{&quot;background_background&quot;:&quot;classic&quot;,&quot;background_motion_fx_motion_fx_mouse&quot;:&quot;yes&quot;,&quot;background_motion_fx_mouseTrack_effect&quot;:&quot;yes&quot;,&quot;background_motion_fx_mouseTrack_speed&quot;:{&quot;unit&quot;:&quot;px&quot;,&quot;size&quot;:1,&quot;sizes&quot;:[]}}\">\n\t\t\t\t\t\t\t<div class=\"elementor-background-overlay\"><\/div>\n\t\t\t\t\t\t\t<div class=\"elementor-container elementor-column-gap-no\">\n\t\t\t\t\t<div class=\"elementor-column elementor-col-50 elementor-top-column elementor-element elementor-element-2c5b9ab7 elementor-hidden-phone\" data-id=\"2c5b9ab7\" data-element_type=\"column\">\n\t\t\t<div class=\"elementor-widget-wrap elementor-element-populated\">\n\t\t\t\t\t\t<div class=\"elementor-element elementor-element-291a87f4 elementor-widget-divider--view-line elementor-widget elementor-widget-divider\" data-id=\"291a87f4\" data-element_type=\"widget\" data-widget_type=\"divider.default\">\n\t\t\t\t<div class=\"elementor-widget-container\">\n\t\t\t\t\t\t\t<div class=\"elementor-divider\">\n\t\t\t<span class=\"elementor-divider-separator\">\n\t\t\t\t\t\t<\/span>\n\t\t<\/div>\n\t\t\t\t\t\t<\/div>\n\t\t\t\t<\/div>\n\t\t\t\t\t<\/div>\n\t\t<\/div>\n\t\t\t\t<div class=\"elementor-column elementor-col-50 elementor-top-column elementor-element elementor-element-60840752\" data-id=\"60840752\" data-element_type=\"column\">\n\t\t\t<div class=\"elementor-widget-wrap elementor-element-populated\">\n\t\t\t\t\t\t<div class=\"elementor-element elementor-element-36c4e32f elementor-widget elementor-widget-heading\" data-id=\"36c4e32f\" data-element_type=\"widget\" data-widget_type=\"heading.default\">\n\t\t\t\t<div class=\"elementor-widget-container\">\n\t\t\t\t\t<h5 class=\"elementor-heading-title elementor-size-default\">Metal pallets<\/h5>\t\t\t\t<\/div>\n\t\t\t\t<\/div>\n\t\t\t\t<div class=\"elementor-element elementor-element-74304b9 elementor-widget elementor-widget-heading\" data-id=\"74304b9\" data-element_type=\"widget\" data-widget_type=\"heading.default\">\n\t\t\t\t<div class=\"elementor-widget-container\">\n\t\t\t\t\t<h4 class=\"elementor-heading-title elementor-size-default\">Metal pallets<\/h4>\t\t\t\t<\/div>\n\t\t\t\t<\/div>\n\t\t\t\t<div class=\"elementor-element elementor-element-2e27d82 elementor-widget elementor-widget-text-editor\" data-id=\"2e27d82\" data-element_type=\"widget\" data-widget_type=\"text-editor.default\">\n\t\t\t\t<div class=\"elementor-widget-container\">\n\t\t\t\t\t\t\t\t\t<p>We have been in serial production of logistic pallets for more than 25 years. We can produce any pallet according to customer&#8217;s requirements. We produce several thousand metal pallets every year.<\/p>\t\t\t\t\t\t\t\t<\/div>\n\t\t\t\t<\/div>\n\t\t\t\t\t<\/div>\n\t\t<\/div>\n\t\t\t\t\t<\/div>\n\t\t<\/section>\n\t\t\t\t<section class=\"elementor-section elementor-top-section elementor-element elementor-element-7e9cc04a elementor-section-content-middle elementor-section-boxed elementor-section-height-default elementor-section-height-default\" data-id=\"7e9cc04a\" data-element_type=\"section\">\n\t\t\t\t\t\t<div class=\"elementor-container elementor-column-gap-no\">\n\t\t\t\t\t<div class=\"elementor-column elementor-col-100 elementor-top-column elementor-element elementor-element-c6e9954\" data-id=\"c6e9954\" data-element_type=\"column\">\n\t\t\t<div class=\"elementor-widget-wrap elementor-element-populated\">\n\t\t\t\t\t\t<div class=\"elementor-element elementor-element-3523170b elementor-widget elementor-widget-heading\" data-id=\"3523170b\" data-element_type=\"widget\" data-widget_type=\"heading.default\">\n\t\t\t\t<div class=\"elementor-widget-container\">\n\t\t\t\t\t<h4 class=\"elementor-heading-title elementor-size-default\">Examples of our work<\/h4>\t\t\t\t<\/div>\n\t\t\t\t<\/div>\n\t\t\t\t<div class=\"elementor-element elementor-element-66322cbf elementor-widget elementor-widget-heading\" data-id=\"66322cbf\" data-element_type=\"widget\" data-widget_type=\"heading.default\">\n\t\t\t\t<div class=\"elementor-widget-container\">\n\t\t\t\t\t<h5 class=\"elementor-heading-title elementor-size-default\">Metal pallets are an important part both of the automotive industry and other manufacturing fields.<\/h5>\t\t\t\t<\/div>\n\t\t\t\t<\/div>\n\t\t\t\t<div class=\"elementor-element elementor-element-55e1b07e elementor-skin-carousel elementor-arrows-yes elementor-widget elementor-widget-media-carousel\" data-id=\"55e1b07e\" data-element_type=\"widget\" data-settings=\"{&quot;space_between&quot;:{&quot;unit&quot;:&quot;px&quot;,&quot;size&quot;:29,&quot;sizes&quot;:[]},&quot;slides_per_view&quot;:&quot;3&quot;,&quot;slides_to_scroll&quot;:&quot;3&quot;,&quot;skin&quot;:&quot;carousel&quot;,&quot;effect&quot;:&quot;slide&quot;,&quot;show_arrows&quot;:&quot;yes&quot;,&quot;speed&quot;:500,&quot;loop&quot;:&quot;yes&quot;,&quot;space_between_tablet&quot;:{&quot;unit&quot;:&quot;px&quot;,&quot;size&quot;:10,&quot;sizes&quot;:[]},&quot;space_between_mobile&quot;:{&quot;unit&quot;:&quot;px&quot;,&quot;size&quot;:10,&quot;sizes&quot;:[]}}\" data-widget_type=\"media-carousel.default\">\n\t\t\t\t<div class=\"elementor-widget-container\">\n\t\t\t\t\t\t\t\t\t<div class=\"elementor-swiper\">\n\t\t\t\t\t<div class=\"elementor-main-swiper swiper\" role=\"region\" aria-roledescription=\"carousel\" aria-label=\"Slides\">\n\t\t\t\t<div class=\"swiper-wrapper\">\n\t\t\t\t\t\t\t\t\t\t\t<div class=\"swiper-slide\" role=\"group\" aria-roledescription=\"slide\">\n\t\t\t\t\t\t\t<a href=\"https:\/\/zkmetal.cz\/wp-content\/uploads\/2020\/03\/kovove-prepravni_palety_01.jpg\" data-elementor-open-lightbox=\"yes\" data-elementor-lightbox-slideshow=\"55e1b07e\" data-elementor-lightbox-title=\"Kovov\u00e9 p\u0159epravn\u00ed palety\" data-e-action-hash=\"#elementor-action%3Aaction%3Dlightbox%26settings%3DeyJpZCI6NTM1LCJ1cmwiOiJodHRwczpcL1wvemttZXRhbC5jelwvd3AtY29udGVudFwvdXBsb2Fkc1wvMjAyMFwvMDNcL2tvdm92ZS1wcmVwcmF2bmlfcGFsZXR5XzAxLmpwZyIsInNsaWRlc2hvdyI6IjU1ZTFiMDdlIn0%3D\">\t\t<div class=\"elementor-carousel-image\" role=\"img\" aria-label=\"Kovov\u00e9 p\u0159epravn\u00ed palety\" style=\"background-image: url(&#039;https:\/\/zkmetal.cz\/wp-content\/uploads\/2020\/03\/kovove-prepravni_palety_01.jpg&#039;)\">\n\n\t\t\t\n\t\t\t\t\t<\/div>\n\t\t\t\t\t<div class=\"elementor-carousel-image-overlay e-overlay-animation-fade\">\n\t\t\t\t<i class=\"fas fa-search-plus\"><\/i>\t\t\t<\/div>\n\t\t\t<\/a>\t\t\t\t\t\t<\/div>\n\t\t\t\t\t\t\t\t\t\t\t<div class=\"swiper-slide\" role=\"group\" aria-roledescription=\"slide\">\n\t\t\t\t\t\t\t<a href=\"https:\/\/zkmetal.cz\/wp-content\/uploads\/2020\/03\/kovove-prepravni_palety_03.jpg\" data-elementor-open-lightbox=\"yes\" data-elementor-lightbox-slideshow=\"55e1b07e\" data-elementor-lightbox-title=\"Kovov\u00e9 p\u0159epravn\u00ed palety\" data-e-action-hash=\"#elementor-action%3Aaction%3Dlightbox%26settings%3DeyJpZCI6NTMxLCJ1cmwiOiJodHRwczpcL1wvemttZXRhbC5jelwvd3AtY29udGVudFwvdXBsb2Fkc1wvMjAyMFwvMDNcL2tvdm92ZS1wcmVwcmF2bmlfcGFsZXR5XzAzLmpwZyIsInNsaWRlc2hvdyI6IjU1ZTFiMDdlIn0%3D\">\t\t<div class=\"elementor-carousel-image\" role=\"img\" aria-label=\"Kovov\u00e9 p\u0159epravn\u00ed palety\" style=\"background-image: url(&#039;https:\/\/zkmetal.cz\/wp-content\/uploads\/2020\/03\/kovove-prepravni_palety_03.jpg&#039;)\">\n\n\t\t\t\n\t\t\t\t\t<\/div>\n\t\t\t\t\t<div class=\"elementor-carousel-image-overlay e-overlay-animation-fade\">\n\t\t\t\t<i class=\"fas fa-search-plus\"><\/i>\t\t\t<\/div>\n\t\t\t<\/a>\t\t\t\t\t\t<\/div>\n\t\t\t\t\t\t\t\t\t\t\t<div class=\"swiper-slide\" role=\"group\" aria-roledescription=\"slide\">\n\t\t\t\t\t\t\t<a href=\"https:\/\/zkmetal.cz\/wp-content\/uploads\/2020\/03\/kovove-prepravni_palety_02.jpg\" data-elementor-open-lightbox=\"yes\" data-elementor-lightbox-slideshow=\"55e1b07e\" data-elementor-lightbox-title=\"Kovov\u00e9 p\u0159epravn\u00ed palety\" data-e-action-hash=\"#elementor-action%3Aaction%3Dlightbox%26settings%3DeyJpZCI6NTMzLCJ1cmwiOiJodHRwczpcL1wvemttZXRhbC5jelwvd3AtY29udGVudFwvdXBsb2Fkc1wvMjAyMFwvMDNcL2tvdm92ZS1wcmVwcmF2bmlfcGFsZXR5XzAyLmpwZyIsInNsaWRlc2hvdyI6IjU1ZTFiMDdlIn0%3D\">\t\t<div class=\"elementor-carousel-image\" role=\"img\" aria-label=\"Kovov\u00e9 p\u0159epravn\u00ed palety\" style=\"background-image: url(&#039;https:\/\/zkmetal.cz\/wp-content\/uploads\/2020\/03\/kovove-prepravni_palety_02.jpg&#039;)\">\n\n\t\t\t\n\t\t\t\t\t<\/div>\n\t\t\t\t\t<div class=\"elementor-carousel-image-overlay e-overlay-animation-fade\">\n\t\t\t\t<i class=\"fas fa-search-plus\"><\/i>\t\t\t<\/div>\n\t\t\t<\/a>\t\t\t\t\t\t<\/div>\n\t\t\t\t\t\t\t\t\t<\/div>\n\t\t\t\t\t\t\t\t\t\t\t\t\t\t\t<div class=\"elementor-swiper-button elementor-swiper-button-prev\" role=\"button\" tabindex=\"0\" aria-label=\"Previous\">\n\t\t\t\t\t\t\t<i aria-hidden=\"true\" class=\"eicon-chevron-left\"><\/i>\t\t\t\t\t\t<\/div>\n\t\t\t\t\t\t<div class=\"elementor-swiper-button elementor-swiper-button-next\" role=\"button\" tabindex=\"0\" aria-label=\"Next\">\n\t\t\t\t\t\t\t<i aria-hidden=\"true\" class=\"eicon-chevron-right\"><\/i>\t\t\t\t\t\t<\/div>\n\t\t\t\t\t\t\t\t\t\t\t\t\t\t\t\t\t<\/div>\n\t\t\t\t<\/div>\n\t\t\t\t\t\t\t\t<\/div>\n\t\t\t\t<\/div>\n\t\t\t\t\t<\/div>\n\t\t<\/div>\n\t\t\t\t\t<\/div>\n\t\t<\/section>\n\t\t\t\t<section class=\"elementor-section elementor-top-section elementor-element elementor-element-22e8ad5 elementor-section-content-middle elementor-section-boxed elementor-section-height-default elementor-section-height-default\" data-id=\"22e8ad5\" data-element_type=\"section\">\n\t\t\t\t\t\t<div class=\"elementor-container elementor-column-gap-no\">\n\t\t\t\t\t<div class=\"elementor-column elementor-col-100 elementor-top-column elementor-element elementor-element-c02b167\" data-id=\"c02b167\" data-element_type=\"column\">\n\t\t\t<div class=\"elementor-widget-wrap elementor-element-populated\">\n\t\t\t\t\t\t<div class=\"elementor-element elementor-element-fdd62e3 elementor-widget elementor-widget-heading\" data-id=\"fdd62e3\" data-element_type=\"widget\" data-widget_type=\"heading.default\">\n\t\t\t\t<div class=\"elementor-widget-container\">\n\t\t\t\t\t<h4 class=\"elementor-heading-title elementor-size-default\">Expedition<\/h4>\t\t\t\t<\/div>\n\t\t\t\t<\/div>\n\t\t\t\t<div class=\"elementor-element elementor-element-86ae884 elementor-skin-carousel elementor-arrows-yes elementor-widget elementor-widget-media-carousel\" data-id=\"86ae884\" data-element_type=\"widget\" data-settings=\"{&quot;space_between&quot;:{&quot;unit&quot;:&quot;px&quot;,&quot;size&quot;:29,&quot;sizes&quot;:[]},&quot;slides_per_view&quot;:&quot;3&quot;,&quot;slides_to_scroll&quot;:&quot;3&quot;,&quot;skin&quot;:&quot;carousel&quot;,&quot;effect&quot;:&quot;slide&quot;,&quot;show_arrows&quot;:&quot;yes&quot;,&quot;speed&quot;:500,&quot;loop&quot;:&quot;yes&quot;,&quot;space_between_tablet&quot;:{&quot;unit&quot;:&quot;px&quot;,&quot;size&quot;:10,&quot;sizes&quot;:[]},&quot;space_between_mobile&quot;:{&quot;unit&quot;:&quot;px&quot;,&quot;size&quot;:10,&quot;sizes&quot;:[]}}\" data-widget_type=\"media-carousel.default\">\n\t\t\t\t<div class=\"elementor-widget-container\">\n\t\t\t\t\t\t\t\t\t<div class=\"elementor-swiper\">\n\t\t\t\t\t<div class=\"elementor-main-swiper swiper\" role=\"region\" aria-roledescription=\"carousel\" aria-label=\"Slides\">\n\t\t\t\t<div class=\"swiper-wrapper\">\n\t\t\t\t\t\t\t\t\t\t\t<div class=\"swiper-slide\" role=\"group\" aria-roledescription=\"slide\">\n\t\t\t\t\t\t\t<a href=\"https:\/\/zkmetal.cz\/wp-content\/uploads\/2020\/04\/expedicni_sklad02.jpg\" data-elementor-open-lightbox=\"yes\" data-elementor-lightbox-slideshow=\"86ae884\" data-elementor-lightbox-title=\"expedicni_sklad02\" data-e-action-hash=\"#elementor-action%3Aaction%3Dlightbox%26settings%3DeyJpZCI6NTk1LCJ1cmwiOiJodHRwczpcL1wvemttZXRhbC5jelwvd3AtY29udGVudFwvdXBsb2Fkc1wvMjAyMFwvMDRcL2V4cGVkaWNuaV9za2xhZDAyLmpwZyIsInNsaWRlc2hvdyI6Ijg2YWU4ODQifQ%3D%3D\">\t\t<div class=\"elementor-carousel-image\" role=\"img\" aria-label=\"expedicni_sklad02\" style=\"background-image: url(&#039;https:\/\/zkmetal.cz\/wp-content\/uploads\/2020\/04\/expedicni_sklad02.jpg&#039;)\">\n\n\t\t\t\n\t\t\t\t\t<\/div>\n\t\t\t\t\t<div class=\"elementor-carousel-image-overlay e-overlay-animation-fade\">\n\t\t\t\t<i class=\"fas fa-search-plus\"><\/i>\t\t\t<\/div>\n\t\t\t<\/a>\t\t\t\t\t\t<\/div>\n\t\t\t\t\t\t\t\t\t\t\t<div class=\"swiper-slide\" role=\"group\" aria-roledescription=\"slide\">\n\t\t\t\t\t\t\t<a href=\"https:\/\/zkmetal.cz\/wp-content\/uploads\/2020\/04\/expedicni_sklad03.jpg\" data-elementor-open-lightbox=\"yes\" data-elementor-lightbox-slideshow=\"86ae884\" data-elementor-lightbox-title=\"expedicni_sklad03\" data-e-action-hash=\"#elementor-action%3Aaction%3Dlightbox%26settings%3DeyJpZCI6NTkzLCJ1cmwiOiJodHRwczpcL1wvemttZXRhbC5jelwvd3AtY29udGVudFwvdXBsb2Fkc1wvMjAyMFwvMDRcL2V4cGVkaWNuaV9za2xhZDAzLmpwZyIsInNsaWRlc2hvdyI6Ijg2YWU4ODQifQ%3D%3D\">\t\t<div class=\"elementor-carousel-image\" role=\"img\" aria-label=\"expedicni_sklad03\" style=\"background-image: url(&#039;https:\/\/zkmetal.cz\/wp-content\/uploads\/2020\/04\/expedicni_sklad03.jpg&#039;)\">\n\n\t\t\t\n\t\t\t\t\t<\/div>\n\t\t\t\t\t<div class=\"elementor-carousel-image-overlay e-overlay-animation-fade\">\n\t\t\t\t<i class=\"fas fa-search-plus\"><\/i>\t\t\t<\/div>\n\t\t\t<\/a>\t\t\t\t\t\t<\/div>\n\t\t\t\t\t\t\t\t\t\t\t<div class=\"swiper-slide\" role=\"group\" aria-roledescription=\"slide\">\n\t\t\t\t\t\t\t<a href=\"https:\/\/zkmetal.cz\/wp-content\/uploads\/2020\/04\/expedicni_sklad01.jpg\" data-elementor-open-lightbox=\"yes\" data-elementor-lightbox-slideshow=\"86ae884\" data-elementor-lightbox-title=\"expedicni_sklad01\" data-e-action-hash=\"#elementor-action%3Aaction%3Dlightbox%26settings%3DeyJpZCI6NTk3LCJ1cmwiOiJodHRwczpcL1wvemttZXRhbC5jelwvd3AtY29udGVudFwvdXBsb2Fkc1wvMjAyMFwvMDRcL2V4cGVkaWNuaV9za2xhZDAxLmpwZyIsInNsaWRlc2hvdyI6Ijg2YWU4ODQifQ%3D%3D\">\t\t<div class=\"elementor-carousel-image\" role=\"img\" aria-label=\"expedicni_sklad01\" style=\"background-image: url(&#039;https:\/\/zkmetal.cz\/wp-content\/uploads\/2020\/04\/expedicni_sklad01.jpg&#039;)\">\n\n\t\t\t\n\t\t\t\t\t<\/div>\n\t\t\t\t\t<div class=\"elementor-carousel-image-overlay e-overlay-animation-fade\">\n\t\t\t\t<i class=\"fas fa-search-plus\"><\/i>\t\t\t<\/div>\n\t\t\t<\/a>\t\t\t\t\t\t<\/div>\n\t\t\t\t\t\t\t\t\t<\/div>\n\t\t\t\t\t\t\t\t\t\t\t\t\t\t\t<div class=\"elementor-swiper-button elementor-swiper-button-prev\" role=\"button\" tabindex=\"0\" aria-label=\"Previous\">\n\t\t\t\t\t\t\t<i aria-hidden=\"true\" class=\"eicon-chevron-left\"><\/i>\t\t\t\t\t\t<\/div>\n\t\t\t\t\t\t<div class=\"elementor-swiper-button elementor-swiper-button-next\" role=\"button\" tabindex=\"0\" aria-label=\"Next\">\n\t\t\t\t\t\t\t<i aria-hidden=\"true\" class=\"eicon-chevron-right\"><\/i>\t\t\t\t\t\t<\/div>\n\t\t\t\t\t\t\t\t\t\t\t\t\t\t\t\t\t<\/div>\n\t\t\t\t<\/div>\n\t\t\t\t\t\t\t\t<\/div>\n\t\t\t\t<\/div>\n\t\t\t\t\t<\/div>\n\t\t<\/div>\n\t\t\t\t\t<\/div>\n\t\t<\/section>\n\t\t\t\t<\/div>\n\t\t","protected":false},"excerpt":{"rendered":"<p>Metal pallets Metal pallets We have been in serial production of logistic pallets for more than 25 years. We can produce any pallet according to customer&#8217;s requirements. We produce several thousand metal pallets every year. Examples of our work Metal pallets are an important part both of the automotive industry and other manufacturing fields. Previous [&hellip;]<\/p>\n","protected":false},"author":1,"featured_media":0,"parent":0,"menu_order":0,"comment_status":"closed","ping_status":"closed","template":"elementor_canvas","meta":{"inline_featured_image":false,"site-sidebar-layout":"no-sidebar","site-content-layout":"page-builder","ast-site-content-layout":"default","site-content-style":"default","site-sidebar-style":"default","ast-global-header-display":"","ast-banner-title-visibility":"","ast-main-header-display":"","ast-hfb-above-header-display":"","ast-hfb-below-header-display":"","ast-hfb-mobile-header-display":"","site-post-title":"disabled","ast-breadcrumbs-content":"","ast-featured-img":"disabled","footer-sml-layout":"","theme-transparent-header-meta":"default","adv-header-id-meta":"","stick-header-meta":"","header-above-stick-meta":"","header-main-stick-meta":"","header-below-stick-meta":"","astra-migrate-meta-layouts":"default","ast-page-background-enabled":"default","ast-page-background-meta":{"desktop":{"background-color":"","background-image":"","background-repeat":"repeat","background-position":"center center","background-size":"auto","background-attachment":"scroll","background-type":"","background-media":"","overlay-type":"","overlay-color":"","overlay-opacity":"","overlay-gradient":""},"tablet":{"background-color":"","background-image":"","background-repeat":"repeat","background-position":"center center","background-size":"auto","background-attachment":"scroll","background-type":"","background-media":"","overlay-type":"","overlay-color":"","overlay-opacity":"","overlay-gradient":""},"mobile":{"background-color":"","background-image":"","background-repeat":"repeat","background-position":"center center","background-size":"auto","background-attachment":"scroll","background-type":"","background-media":"","overlay-type":"","overlay-color":"","overlay-opacity":"","overlay-gradient":""}},"ast-content-background-meta":{"desktop":{"background-color":"var(--ast-global-color-5)","background-image":"","background-repeat":"repeat","background-position":"center center","background-size":"auto","background-attachment":"scroll","background-type":"","background-media":"","overlay-type":"","overlay-color":"","overlay-opacity":"","overlay-gradient":""},"tablet":{"background-color":"var(--ast-global-color-5)","background-image":"","background-repeat":"repeat","background-position":"center center","background-size":"auto","background-attachment":"scroll","background-type":"","background-media":"","overlay-type":"","overlay-color":"","overlay-opacity":"","overlay-gradient":""},"mobile":{"background-color":"var(--ast-global-color-5)","background-image":"","background-repeat":"repeat","background-position":"center center","background-size":"auto","background-attachment":"scroll","background-type":"","background-media":"","overlay-type":"","overlay-color":"","overlay-opacity":"","overlay-gradient":""}},"footnotes":""},"class_list":["post-627","page","type-page","status-publish","hentry"],"yoast_head":"<!-- This site is optimized with the Yoast SEO plugin v26.3 - https:\/\/yoast.com\/wordpress\/plugins\/seo\/ -->\n<title>Metal pallets - KOVOV\u00ddROBA - ZK METAL, \u0160t\u00edty<\/title>\n<meta name=\"robots\" content=\"index, follow, max-snippet:-1, max-image-preview:large, max-video-preview:-1\" \/>\n<link rel=\"canonical\" href=\"https:\/\/zkmetal.cz\/en\/metal-pallets\/\" \/>\n<meta property=\"og:locale\" content=\"en_US\" \/>\n<meta property=\"og:type\" content=\"article\" \/>\n<meta property=\"og:title\" content=\"Metal pallets - KOVOV\u00ddROBA - ZK METAL, \u0160t\u00edty\" \/>\n<meta property=\"og:description\" content=\"Metal pallets Metal pallets We have been in serial production of logistic pallets for more than 25 years. We can produce any pallet according to customer&#8217;s requirements. We produce several thousand metal pallets every year. Examples of our work Metal pallets are an important part both of the automotive industry and other manufacturing fields. Previous [&hellip;]\" \/>\n<meta property=\"og:url\" content=\"https:\/\/zkmetal.cz\/en\/metal-pallets\/\" \/>\n<meta property=\"og:site_name\" content=\"KOVOV\u00ddROBA - ZK METAL, \u0160t\u00edty\" \/>\n<meta property=\"article:modified_time\" content=\"2020-04-08T18:15:25+00:00\" \/>\n<meta name=\"twitter:card\" content=\"summary_large_image\" \/>\n<script type=\"application\/ld+json\" class=\"yoast-schema-graph\">{\"@context\":\"https:\/\/schema.org\",\"@graph\":[{\"@type\":\"WebPage\",\"@id\":\"https:\/\/zkmetal.cz\/en\/metal-pallets\/\",\"url\":\"https:\/\/zkmetal.cz\/en\/metal-pallets\/\",\"name\":\"Metal pallets - KOVOV\u00ddROBA - ZK METAL, \u0160t\u00edty\",\"isPartOf\":{\"@id\":\"https:\/\/zkmetal.cz\/#website\"},\"datePublished\":\"2020-04-08T16:37:26+00:00\",\"dateModified\":\"2020-04-08T18:15:25+00:00\",\"breadcrumb\":{\"@id\":\"https:\/\/zkmetal.cz\/en\/metal-pallets\/#breadcrumb\"},\"inLanguage\":\"en-US\",\"potentialAction\":[{\"@type\":\"ReadAction\",\"target\":[\"https:\/\/zkmetal.cz\/en\/metal-pallets\/\"]}]},{\"@type\":\"BreadcrumbList\",\"@id\":\"https:\/\/zkmetal.cz\/en\/metal-pallets\/#breadcrumb\",\"itemListElement\":[{\"@type\":\"ListItem\",\"position\":1,\"name\":\"Home\",\"item\":\"https:\/\/zkmetal.cz\/\"},{\"@type\":\"ListItem\",\"position\":2,\"name\":\"Metal pallets\"}]},{\"@type\":\"WebSite\",\"@id\":\"https:\/\/zkmetal.cz\/#website\",\"url\":\"https:\/\/zkmetal.cz\/\",\"name\":\"KOVOV\u00ddROBA - ZK METAL, \u0160t\u00edty\",\"description\":\"\",\"publisher\":{\"@id\":\"https:\/\/zkmetal.cz\/#organization\"},\"potentialAction\":[{\"@type\":\"SearchAction\",\"target\":{\"@type\":\"EntryPoint\",\"urlTemplate\":\"https:\/\/zkmetal.cz\/?s={search_term_string}\"},\"query-input\":{\"@type\":\"PropertyValueSpecification\",\"valueRequired\":true,\"valueName\":\"search_term_string\"}}],\"inLanguage\":\"en-US\"},{\"@type\":\"Organization\",\"@id\":\"https:\/\/zkmetal.cz\/#organization\",\"name\":\"KOVOV\u00ddROBA - ZK METAL, \u0160t\u00edty\",\"url\":\"https:\/\/zkmetal.cz\/\",\"logo\":{\"@type\":\"ImageObject\",\"inLanguage\":\"en-US\",\"@id\":\"https:\/\/zkmetal.cz\/#\/schema\/logo\/image\/\",\"url\":\"https:\/\/zkmetal.cz\/wp-content\/uploads\/2025\/09\/ZKMETAL_logo.svg\",\"contentUrl\":\"https:\/\/zkmetal.cz\/wp-content\/uploads\/2025\/09\/ZKMETAL_logo.svg\",\"width\":216,\"height\":75,\"caption\":\"KOVOV\u00ddROBA - ZK METAL, \u0160t\u00edty\"},\"image\":{\"@id\":\"https:\/\/zkmetal.cz\/#\/schema\/logo\/image\/\"}}]}<\/script>\n<!-- \/ Yoast SEO plugin. -->","yoast_head_json":{"title":"Metal pallets - KOVOV\u00ddROBA - ZK METAL, \u0160t\u00edty","robots":{"index":"index","follow":"follow","max-snippet":"max-snippet:-1","max-image-preview":"max-image-preview:large","max-video-preview":"max-video-preview:-1"},"canonical":"https:\/\/zkmetal.cz\/en\/metal-pallets\/","og_locale":"en_US","og_type":"article","og_title":"Metal pallets - KOVOV\u00ddROBA - ZK METAL, \u0160t\u00edty","og_description":"Metal pallets Metal pallets We have been in serial production of logistic pallets for more than 25 years. We can produce any pallet according to customer&#8217;s requirements. We produce several thousand metal pallets every year. Examples of our work Metal pallets are an important part both of the automotive industry and other manufacturing fields. Previous [&hellip;]","og_url":"https:\/\/zkmetal.cz\/en\/metal-pallets\/","og_site_name":"KOVOV\u00ddROBA - ZK METAL, \u0160t\u00edty","article_modified_time":"2020-04-08T18:15:25+00:00","twitter_card":"summary_large_image","schema":{"@context":"https:\/\/schema.org","@graph":[{"@type":"WebPage","@id":"https:\/\/zkmetal.cz\/en\/metal-pallets\/","url":"https:\/\/zkmetal.cz\/en\/metal-pallets\/","name":"Metal pallets - KOVOV\u00ddROBA - ZK METAL, \u0160t\u00edty","isPartOf":{"@id":"https:\/\/zkmetal.cz\/#website"},"datePublished":"2020-04-08T16:37:26+00:00","dateModified":"2020-04-08T18:15:25+00:00","breadcrumb":{"@id":"https:\/\/zkmetal.cz\/en\/metal-pallets\/#breadcrumb"},"inLanguage":"en-US","potentialAction":[{"@type":"ReadAction","target":["https:\/\/zkmetal.cz\/en\/metal-pallets\/"]}]},{"@type":"BreadcrumbList","@id":"https:\/\/zkmetal.cz\/en\/metal-pallets\/#breadcrumb","itemListElement":[{"@type":"ListItem","position":1,"name":"Home","item":"https:\/\/zkmetal.cz\/"},{"@type":"ListItem","position":2,"name":"Metal pallets"}]},{"@type":"WebSite","@id":"https:\/\/zkmetal.cz\/#website","url":"https:\/\/zkmetal.cz\/","name":"KOVOV\u00ddROBA - ZK METAL, \u0160t\u00edty","description":"","publisher":{"@id":"https:\/\/zkmetal.cz\/#organization"},"potentialAction":[{"@type":"SearchAction","target":{"@type":"EntryPoint","urlTemplate":"https:\/\/zkmetal.cz\/?s={search_term_string}"},"query-input":{"@type":"PropertyValueSpecification","valueRequired":true,"valueName":"search_term_string"}}],"inLanguage":"en-US"},{"@type":"Organization","@id":"https:\/\/zkmetal.cz\/#organization","name":"KOVOV\u00ddROBA - ZK METAL, \u0160t\u00edty","url":"https:\/\/zkmetal.cz\/","logo":{"@type":"ImageObject","inLanguage":"en-US","@id":"https:\/\/zkmetal.cz\/#\/schema\/logo\/image\/","url":"https:\/\/zkmetal.cz\/wp-content\/uploads\/2025\/09\/ZKMETAL_logo.svg","contentUrl":"https:\/\/zkmetal.cz\/wp-content\/uploads\/2025\/09\/ZKMETAL_logo.svg","width":216,"height":75,"caption":"KOVOV\u00ddROBA - ZK METAL, \u0160t\u00edty"},"image":{"@id":"https:\/\/zkmetal.cz\/#\/schema\/logo\/image\/"}}]}},"_links":{"self":[{"href":"https:\/\/zkmetal.cz\/en\/wp-json\/wp\/v2\/pages\/627","targetHints":{"allow":["GET"]}}],"collection":[{"href":"https:\/\/zkmetal.cz\/en\/wp-json\/wp\/v2\/pages"}],"about":[{"href":"https:\/\/zkmetal.cz\/en\/wp-json\/wp\/v2\/types\/page"}],"author":[{"embeddable":true,"href":"https:\/\/zkmetal.cz\/en\/wp-json\/wp\/v2\/users\/1"}],"replies":[{"embeddable":true,"href":"https:\/\/zkmetal.cz\/en\/wp-json\/wp\/v2\/comments?post=627"}],"version-history":[{"count":5,"href":"https:\/\/zkmetal.cz\/en\/wp-json\/wp\/v2\/pages\/627\/revisions"}],"predecessor-version":[{"id":685,"href":"https:\/\/zkmetal.cz\/en\/wp-json\/wp\/v2\/pages\/627\/revisions\/685"}],"wp:attachment":[{"href":"https:\/\/zkmetal.cz\/en\/wp-json\/wp\/v2\/media?parent=627"}],"curies":[{"name":"wp","href":"https:\/\/api.w.org\/{rel}","templated":true}]}}