{"id":619,"date":"2020-04-08T18:31:32","date_gmt":"2020-04-08T16:31:32","guid":{"rendered":"https:\/\/zkmetal.cz\/?page_id=619"},"modified":"2020-04-08T18:32:26","modified_gmt":"2020-04-08T16:32:26","slug":"sponsorship","status":"publish","type":"page","link":"https:\/\/zkmetal.cz\/en\/sponsorship\/","title":{"rendered":"Sponsorship"},"content":{"rendered":"\t\t<div data-elementor-type=\"wp-page\" data-elementor-id=\"619\" class=\"elementor elementor-619 elementor-265\" data-elementor-post-type=\"page\">\n\t\t\t\t\t\t<section class=\"elementor-section elementor-top-section elementor-element elementor-element-7718c77 elementor-section-boxed elementor-section-height-default elementor-section-height-default\" data-id=\"7718c77\" data-element_type=\"section\">\n\t\t\t\t\t\t<div class=\"elementor-container elementor-column-gap-default\">\n\t\t\t\t\t<div class=\"elementor-column elementor-col-100 elementor-top-column elementor-element elementor-element-0ad5e5d\" data-id=\"0ad5e5d\" data-element_type=\"column\">\n\t\t\t<div class=\"elementor-widget-wrap elementor-element-populated\">\n\t\t\t\t\t\t<div class=\"elementor-element elementor-element-7efbb40 elementor-widget elementor-widget-breadcrumbs\" data-id=\"7efbb40\" data-element_type=\"widget\" data-widget_type=\"breadcrumbs.default\">\n\t\t\t\t<div class=\"elementor-widget-container\">\n\t\t\t\t\t<p id=\"breadcrumbs\"><span><span><a href=\"https:\/\/zkmetal.cz\/\">Home<\/a><\/span><\/span><\/p>\t\t\t\t<\/div>\n\t\t\t\t<\/div>\n\t\t\t\t\t<\/div>\n\t\t<\/div>\n\t\t\t\t\t<\/div>\n\t\t<\/section>\n\t\t\t\t<section class=\"elementor-section elementor-top-section elementor-element elementor-element-62869e1 elementor-section-height-min-height elementor-section-content-middle elementor-section-boxed elementor-section-height-default elementor-section-items-middle\" data-id=\"62869e1\" data-element_type=\"section\" data-settings=\"{&quot;background_background&quot;:&quot;classic&quot;}\">\n\t\t\t\t\t\t\t<div class=\"elementor-background-overlay\"><\/div>\n\t\t\t\t\t\t\t<div class=\"elementor-container elementor-column-gap-no\">\n\t\t\t\t\t<div class=\"elementor-column elementor-col-100 elementor-top-column elementor-element elementor-element-4e34867c\" data-id=\"4e34867c\" data-element_type=\"column\">\n\t\t\t<div class=\"elementor-widget-wrap elementor-element-populated\">\n\t\t\t\t\t\t<div class=\"elementor-element elementor-element-659d89d5 elementor-headline--style-rotate elementor-widget elementor-widget-animated-headline\" data-id=\"659d89d5\" data-element_type=\"widget\" data-settings=\"{&quot;headline_style&quot;:&quot;rotate&quot;,&quot;animation_type&quot;:&quot;slide&quot;,&quot;rotating_text&quot;:&quot;HC DRACI \\u0160UMPERK\\nMLAD\\u00cd DRACI \\u0160UMPERK\\nTJ SOKOL \\u0160T\\u00cdTY&quot;,&quot;loop&quot;:&quot;yes&quot;,&quot;rotate_iteration_delay&quot;:2500}\" data-widget_type=\"animated-headline.default\">\n\t\t\t\t<div class=\"elementor-widget-container\">\n\t\t\t\t\t\t\t<h2 class=\"elementor-headline elementor-headline-animation-type-slide\">\n\t\t\t\t\t<span class=\"elementor-headline-plain-text elementor-headline-text-wrapper\">Sponsored clubs<\/span>\n\t\t\t\t<span class=\"elementor-headline-dynamic-wrapper elementor-headline-text-wrapper\">\n\t\t\t\t\t<span class=\"elementor-headline-dynamic-text elementor-headline-text-active\">\n\t\t\t\tHC&nbsp;DRACI&nbsp;\u0160UMPERK\t\t\t<\/span>\n\t\t\t\t\t<span class=\"elementor-headline-dynamic-text\">\n\t\t\t\tMLAD\u00cd&nbsp;DRACI&nbsp;\u0160UMPERK\t\t\t<\/span>\n\t\t\t\t\t<span class=\"elementor-headline-dynamic-text\">\n\t\t\t\tTJ&nbsp;SOKOL&nbsp;\u0160T\u00cdTY\t\t\t<\/span>\n\t\t\t\t\t\t<\/span>\n\t\t\t\t<\/h2>\n\t\t\t\t\t\t<\/div>\n\t\t\t\t<\/div>\n\t\t\t\t<div class=\"elementor-element elementor-element-2689820a elementor-widget elementor-widget-text-editor\" data-id=\"2689820a\" data-element_type=\"widget\" data-widget_type=\"text-editor.default\">\n\t\t\t\t<div class=\"elementor-widget-container\">\n\t\t\t\t\t\t\t\t\t<p>ZK \u017dERN\u00cd\u010cEK KOV\u00ddROBA s.r.o. feels joint responsibility within its activities. That&#8217;s why we actively participate in the support especially in the field of sport. We focus mainly on supporting children&#8217;s categories.<\/p>\t\t\t\t\t\t\t\t<\/div>\n\t\t\t\t<\/div>\n\t\t\t\t\t<\/div>\n\t\t<\/div>\n\t\t\t\t\t<\/div>\n\t\t<\/section>\n\t\t\t\t<\/div>\n\t\t","protected":false},"excerpt":{"rendered":"<p>Sponsored clubs ZK \u017dERN\u00cd\u010cEK KOV\u00ddROBA s.r.o. feels joint responsibility within its activities. That&#8217;s why we actively participate in the support especially in the field of sport. We focus mainly on supporting children&#8217;s categories.<\/p>\n","protected":false},"author":1,"featured_media":0,"parent":0,"menu_order":0,"comment_status":"closed","ping_status":"closed","template":"elementor_canvas","meta":{"inline_featured_image":false,"site-sidebar-layout":"no-sidebar","site-content-layout":"plain-container","ast-site-content-layout":"default","site-content-style":"default","site-sidebar-style":"default","ast-global-header-display":"","ast-banner-title-visibility":"","ast-main-header-display":"","ast-hfb-above-header-display":"","ast-hfb-below-header-display":"","ast-hfb-mobile-header-display":"","site-post-title":"disabled","ast-breadcrumbs-content":"","ast-featured-img":"disabled","footer-sml-layout":"","theme-transparent-header-meta":"default","adv-header-id-meta":"","stick-header-meta":"","header-above-stick-meta":"","header-main-stick-meta":"","header-below-stick-meta":"","astra-migrate-meta-layouts":"default","ast-page-background-enabled":"default","ast-page-background-meta":{"desktop":{"background-color":"","background-image":"","background-repeat":"repeat","background-position":"center center","background-size":"auto","background-attachment":"scroll","background-type":"","background-media":"","overlay-type":"","overlay-color":"","overlay-opacity":"","overlay-gradient":""},"tablet":{"background-color":"","background-image":"","background-repeat":"repeat","background-position":"center center","background-size":"auto","background-attachment":"scroll","background-type":"","background-media":"","overlay-type":"","overlay-color":"","overlay-opacity":"","overlay-gradient":""},"mobile":{"background-color":"","background-image":"","background-repeat":"repeat","background-position":"center center","background-size":"auto","background-attachment":"scroll","background-type":"","background-media":"","overlay-type":"","overlay-color":"","overlay-opacity":"","overlay-gradient":""}},"ast-content-background-meta":{"desktop":{"background-color":"var(--ast-global-color-5)","background-image":"","background-repeat":"repeat","background-position":"center center","background-size":"auto","background-attachment":"scroll","background-type":"","background-media":"","overlay-type":"","overlay-color":"","overlay-opacity":"","overlay-gradient":""},"tablet":{"background-color":"var(--ast-global-color-5)","background-image":"","background-repeat":"repeat","background-position":"center center","background-size":"auto","background-attachment":"scroll","background-type":"","background-media":"","overlay-type":"","overlay-color":"","overlay-opacity":"","overlay-gradient":""},"mobile":{"background-color":"var(--ast-global-color-5)","background-image":"","background-repeat":"repeat","background-position":"center center","background-size":"auto","background-attachment":"scroll","background-type":"","background-media":"","overlay-type":"","overlay-color":"","overlay-opacity":"","overlay-gradient":""}},"footnotes":""},"class_list":["post-619","page","type-page","status-publish","hentry"],"yoast_head":"<!-- This site is optimized with the Yoast SEO plugin v26.3 - https:\/\/yoast.com\/wordpress\/plugins\/seo\/ -->\n<title>Sponsorship - KOVOV\u00ddROBA - ZK METAL, \u0160t\u00edty<\/title>\n<meta name=\"robots\" content=\"index, follow, max-snippet:-1, max-image-preview:large, max-video-preview:-1\" \/>\n<link rel=\"canonical\" href=\"https:\/\/zkmetal.cz\/en\/sponsorship\/\" \/>\n<meta property=\"og:locale\" content=\"en_US\" \/>\n<meta property=\"og:type\" content=\"article\" \/>\n<meta property=\"og:title\" content=\"Sponsorship - KOVOV\u00ddROBA - ZK METAL, \u0160t\u00edty\" \/>\n<meta property=\"og:description\" content=\"Sponsored clubs ZK \u017dERN\u00cd\u010cEK KOV\u00ddROBA s.r.o. feels joint responsibility within its activities. That&#8217;s why we actively participate in the support especially in the field of sport. We focus mainly on supporting children&#8217;s categories.\" \/>\n<meta property=\"og:url\" content=\"https:\/\/zkmetal.cz\/en\/sponsorship\/\" \/>\n<meta property=\"og:site_name\" content=\"KOVOV\u00ddROBA - ZK METAL, \u0160t\u00edty\" \/>\n<meta property=\"article:modified_time\" content=\"2020-04-08T16:32:26+00:00\" \/>\n<meta name=\"twitter:card\" content=\"summary_large_image\" \/>\n<script type=\"application\/ld+json\" class=\"yoast-schema-graph\">{\"@context\":\"https:\/\/schema.org\",\"@graph\":[{\"@type\":\"WebPage\",\"@id\":\"https:\/\/zkmetal.cz\/en\/sponsorship\/\",\"url\":\"https:\/\/zkmetal.cz\/en\/sponsorship\/\",\"name\":\"Sponsorship - KOVOV\u00ddROBA - ZK METAL, \u0160t\u00edty\",\"isPartOf\":{\"@id\":\"https:\/\/zkmetal.cz\/#website\"},\"datePublished\":\"2020-04-08T16:31:32+00:00\",\"dateModified\":\"2020-04-08T16:32:26+00:00\",\"breadcrumb\":{\"@id\":\"https:\/\/zkmetal.cz\/en\/sponsorship\/#breadcrumb\"},\"inLanguage\":\"en-US\",\"potentialAction\":[{\"@type\":\"ReadAction\",\"target\":[\"https:\/\/zkmetal.cz\/en\/sponsorship\/\"]}]},{\"@type\":\"BreadcrumbList\",\"@id\":\"https:\/\/zkmetal.cz\/en\/sponsorship\/#breadcrumb\",\"itemListElement\":[{\"@type\":\"ListItem\",\"position\":1,\"name\":\"Home\",\"item\":\"https:\/\/zkmetal.cz\/\"},{\"@type\":\"ListItem\",\"position\":2,\"name\":\"Sponsorship\"}]},{\"@type\":\"WebSite\",\"@id\":\"https:\/\/zkmetal.cz\/#website\",\"url\":\"https:\/\/zkmetal.cz\/\",\"name\":\"KOVOV\u00ddROBA - ZK METAL, \u0160t\u00edty\",\"description\":\"\",\"publisher\":{\"@id\":\"https:\/\/zkmetal.cz\/#organization\"},\"potentialAction\":[{\"@type\":\"SearchAction\",\"target\":{\"@type\":\"EntryPoint\",\"urlTemplate\":\"https:\/\/zkmetal.cz\/?s={search_term_string}\"},\"query-input\":{\"@type\":\"PropertyValueSpecification\",\"valueRequired\":true,\"valueName\":\"search_term_string\"}}],\"inLanguage\":\"en-US\"},{\"@type\":\"Organization\",\"@id\":\"https:\/\/zkmetal.cz\/#organization\",\"name\":\"KOVOV\u00ddROBA - ZK METAL, \u0160t\u00edty\",\"url\":\"https:\/\/zkmetal.cz\/\",\"logo\":{\"@type\":\"ImageObject\",\"inLanguage\":\"en-US\",\"@id\":\"https:\/\/zkmetal.cz\/#\/schema\/logo\/image\/\",\"url\":\"https:\/\/zkmetal.cz\/wp-content\/uploads\/2025\/09\/ZKMETAL_logo.svg\",\"contentUrl\":\"https:\/\/zkmetal.cz\/wp-content\/uploads\/2025\/09\/ZKMETAL_logo.svg\",\"width\":216,\"height\":75,\"caption\":\"KOVOV\u00ddROBA - ZK METAL, \u0160t\u00edty\"},\"image\":{\"@id\":\"https:\/\/zkmetal.cz\/#\/schema\/logo\/image\/\"}}]}<\/script>\n<!-- \/ Yoast SEO plugin. -->","yoast_head_json":{"title":"Sponsorship - KOVOV\u00ddROBA - ZK METAL, \u0160t\u00edty","robots":{"index":"index","follow":"follow","max-snippet":"max-snippet:-1","max-image-preview":"max-image-preview:large","max-video-preview":"max-video-preview:-1"},"canonical":"https:\/\/zkmetal.cz\/en\/sponsorship\/","og_locale":"en_US","og_type":"article","og_title":"Sponsorship - KOVOV\u00ddROBA - ZK METAL, \u0160t\u00edty","og_description":"Sponsored clubs ZK \u017dERN\u00cd\u010cEK KOV\u00ddROBA s.r.o. feels joint responsibility within its activities. That&#8217;s why we actively participate in the support especially in the field of sport. We focus mainly on supporting children&#8217;s categories.","og_url":"https:\/\/zkmetal.cz\/en\/sponsorship\/","og_site_name":"KOVOV\u00ddROBA - ZK METAL, \u0160t\u00edty","article_modified_time":"2020-04-08T16:32:26+00:00","twitter_card":"summary_large_image","schema":{"@context":"https:\/\/schema.org","@graph":[{"@type":"WebPage","@id":"https:\/\/zkmetal.cz\/en\/sponsorship\/","url":"https:\/\/zkmetal.cz\/en\/sponsorship\/","name":"Sponsorship - KOVOV\u00ddROBA - ZK METAL, \u0160t\u00edty","isPartOf":{"@id":"https:\/\/zkmetal.cz\/#website"},"datePublished":"2020-04-08T16:31:32+00:00","dateModified":"2020-04-08T16:32:26+00:00","breadcrumb":{"@id":"https:\/\/zkmetal.cz\/en\/sponsorship\/#breadcrumb"},"inLanguage":"en-US","potentialAction":[{"@type":"ReadAction","target":["https:\/\/zkmetal.cz\/en\/sponsorship\/"]}]},{"@type":"BreadcrumbList","@id":"https:\/\/zkmetal.cz\/en\/sponsorship\/#breadcrumb","itemListElement":[{"@type":"ListItem","position":1,"name":"Home","item":"https:\/\/zkmetal.cz\/"},{"@type":"ListItem","position":2,"name":"Sponsorship"}]},{"@type":"WebSite","@id":"https:\/\/zkmetal.cz\/#website","url":"https:\/\/zkmetal.cz\/","name":"KOVOV\u00ddROBA - ZK METAL, \u0160t\u00edty","description":"","publisher":{"@id":"https:\/\/zkmetal.cz\/#organization"},"potentialAction":[{"@type":"SearchAction","target":{"@type":"EntryPoint","urlTemplate":"https:\/\/zkmetal.cz\/?s={search_term_string}"},"query-input":{"@type":"PropertyValueSpecification","valueRequired":true,"valueName":"search_term_string"}}],"inLanguage":"en-US"},{"@type":"Organization","@id":"https:\/\/zkmetal.cz\/#organization","name":"KOVOV\u00ddROBA - ZK METAL, \u0160t\u00edty","url":"https:\/\/zkmetal.cz\/","logo":{"@type":"ImageObject","inLanguage":"en-US","@id":"https:\/\/zkmetal.cz\/#\/schema\/logo\/image\/","url":"https:\/\/zkmetal.cz\/wp-content\/uploads\/2025\/09\/ZKMETAL_logo.svg","contentUrl":"https:\/\/zkmetal.cz\/wp-content\/uploads\/2025\/09\/ZKMETAL_logo.svg","width":216,"height":75,"caption":"KOVOV\u00ddROBA - ZK METAL, \u0160t\u00edty"},"image":{"@id":"https:\/\/zkmetal.cz\/#\/schema\/logo\/image\/"}}]}},"_links":{"self":[{"href":"https:\/\/zkmetal.cz\/en\/wp-json\/wp\/v2\/pages\/619","targetHints":{"allow":["GET"]}}],"collection":[{"href":"https:\/\/zkmetal.cz\/en\/wp-json\/wp\/v2\/pages"}],"about":[{"href":"https:\/\/zkmetal.cz\/en\/wp-json\/wp\/v2\/types\/page"}],"author":[{"embeddable":true,"href":"https:\/\/zkmetal.cz\/en\/wp-json\/wp\/v2\/users\/1"}],"replies":[{"embeddable":true,"href":"https:\/\/zkmetal.cz\/en\/wp-json\/wp\/v2\/comments?post=619"}],"version-history":[{"count":3,"href":"https:\/\/zkmetal.cz\/en\/wp-json\/wp\/v2\/pages\/619\/revisions"}],"predecessor-version":[{"id":622,"href":"https:\/\/zkmetal.cz\/en\/wp-json\/wp\/v2\/pages\/619\/revisions\/622"}],"wp:attachment":[{"href":"https:\/\/zkmetal.cz\/en\/wp-json\/wp\/v2\/media?parent=619"}],"curies":[{"name":"wp","href":"https:\/\/api.w.org\/{rel}","templated":true}]}}