{"id":603,"date":"2020-04-08T18:00:16","date_gmt":"2020-04-08T16:00:16","guid":{"rendered":"https:\/\/zkmetal.cz\/?page_id=603"},"modified":"2025-12-09T08:20:31","modified_gmt":"2025-12-09T07:20:31","slug":"about-company","status":"publish","type":"page","link":"https:\/\/zkmetal.cz\/en\/about-company\/","title":{"rendered":"About company"},"content":{"rendered":"\t\t<div data-elementor-type=\"wp-page\" data-elementor-id=\"603\" class=\"elementor elementor-603 elementor-205\" data-elementor-post-type=\"page\">\n\t\t\t\t\t\t<section class=\"elementor-section elementor-top-section elementor-element elementor-element-b1a03bf elementor-section-boxed elementor-section-height-default elementor-section-height-default\" data-id=\"b1a03bf\" data-element_type=\"section\">\n\t\t\t\t\t\t<div class=\"elementor-container elementor-column-gap-default\">\n\t\t\t\t\t<div class=\"elementor-column elementor-col-100 elementor-top-column elementor-element elementor-element-91276a6\" data-id=\"91276a6\" data-element_type=\"column\">\n\t\t\t<div class=\"elementor-widget-wrap elementor-element-populated\">\n\t\t\t\t\t\t<div class=\"elementor-element elementor-element-d84b91f elementor-widget elementor-widget-breadcrumbs\" data-id=\"d84b91f\" data-element_type=\"widget\" data-widget_type=\"breadcrumbs.default\">\n\t\t\t\t<div class=\"elementor-widget-container\">\n\t\t\t\t\t<p id=\"breadcrumbs\"><span><span><a href=\"https:\/\/zkmetal.cz\/\">Home<\/a><\/span><\/span><\/p>\t\t\t\t<\/div>\n\t\t\t\t<\/div>\n\t\t\t\t\t<\/div>\n\t\t<\/div>\n\t\t\t\t\t<\/div>\n\t\t<\/section>\n\t\t\t\t<section class=\"elementor-section elementor-top-section elementor-element elementor-element-386e1282 elementor-section-content-middle elementor-section-boxed elementor-section-height-default elementor-section-height-default\" data-id=\"386e1282\" data-element_type=\"section\">\n\t\t\t\t\t\t<div class=\"elementor-container elementor-column-gap-no\">\n\t\t\t\t\t<div class=\"elementor-column elementor-col-50 elementor-top-column elementor-element elementor-element-33c6587\" data-id=\"33c6587\" data-element_type=\"column\">\n\t\t\t<div class=\"elementor-widget-wrap elementor-element-populated\">\n\t\t\t\t\t\t<div class=\"elementor-element elementor-element-4d5dd38e elementor-widget-divider--view-line elementor-widget elementor-widget-divider\" data-id=\"4d5dd38e\" data-element_type=\"widget\" data-widget_type=\"divider.default\">\n\t\t\t\t<div class=\"elementor-widget-container\">\n\t\t\t\t\t\t\t<div class=\"elementor-divider\">\n\t\t\t<span class=\"elementor-divider-separator\">\n\t\t\t\t\t\t<\/span>\n\t\t<\/div>\n\t\t\t\t\t\t<\/div>\n\t\t\t\t<\/div>\n\t\t\t\t<div class=\"elementor-element elementor-element-27c13302 elementor-widget elementor-widget-heading\" data-id=\"27c13302\" data-element_type=\"widget\" data-widget_type=\"heading.default\">\n\t\t\t\t<div class=\"elementor-widget-container\">\n\t\t\t\t\t<h4 class=\"elementor-heading-title elementor-size-default\">About company<\/h4>\t\t\t\t<\/div>\n\t\t\t\t<\/div>\n\t\t\t\t\t<\/div>\n\t\t<\/div>\n\t\t\t\t<div class=\"elementor-column elementor-col-50 elementor-top-column elementor-element elementor-element-454a732b\" data-id=\"454a732b\" data-element_type=\"column\">\n\t\t\t<div class=\"elementor-widget-wrap elementor-element-populated\">\n\t\t\t\t\t\t<div class=\"elementor-element elementor-element-85416e0 elementor-widget elementor-widget-image\" data-id=\"85416e0\" data-element_type=\"widget\" data-widget_type=\"image.default\">\n\t\t\t\t<div class=\"elementor-widget-container\">\n\t\t\t\t\t\t\t\t\t\t\t\t\t\t\t<img fetchpriority=\"high\" decoding=\"async\" width=\"2000\" height=\"1010\" src=\"https:\/\/zkmetal.cz\/wp-content\/uploads\/2020\/03\/firma.jpg\" class=\"attachment-full size-full wp-image-523\" alt=\"\" srcset=\"https:\/\/zkmetal.cz\/wp-content\/uploads\/2020\/03\/firma.jpg 2000w, https:\/\/zkmetal.cz\/wp-content\/uploads\/2020\/03\/firma-300x152.jpg 300w, https:\/\/zkmetal.cz\/wp-content\/uploads\/2020\/03\/firma-1024x517.jpg 1024w, https:\/\/zkmetal.cz\/wp-content\/uploads\/2020\/03\/firma-768x388.jpg 768w, https:\/\/zkmetal.cz\/wp-content\/uploads\/2020\/03\/firma-1536x776.jpg 1536w\" sizes=\"(max-width: 2000px) 100vw, 2000px\" \/>\t\t\t\t\t\t\t\t\t\t\t\t\t\t\t<\/div>\n\t\t\t\t<\/div>\n\t\t\t\t<div class=\"elementor-element elementor-element-6e6975a6 elementor-widget elementor-widget-text-editor\" data-id=\"6e6975a6\" data-element_type=\"widget\" data-widget_type=\"text-editor.default\">\n\t\t\t\t<div class=\"elementor-widget-container\">\n\t\t\t\t\t\t\t\t\t<p>Our story began back in 1991, when Mr. Josef \u017dern\u00ed\u010dek founded the company ZK \u017dERN\u00cd\u010cEK KOVOV\u00ddROBA s.r.o. From the very first orders to comprehensive metal production, we gradually built a strong reputation in the market. With the arrival of the second generation of the \u017dern\u00ed\u010dek family, further development followed \u2013 we moved to a new facility, invested in cutting-edge technologies, and expanded our team to more than 60 specialists.<\/p><p>The year 2025 brought a new milestone: we became part of the <strong>ADAX<\/strong> fund (ADAX Fond firemn\u00edho n\u00e1stupnictv\u00ed SICAV a.s.).<br \/>Under our new name, <strong>ZK METAL s.r.o.<\/strong>, we continue our engineering tradition and take it further \u2013 with a focus on quality, innovation, and reliability that our customers expect from us.<\/p><p><strong>Why choose us?<\/strong><\/p><p style=\"padding-left: 40px;\">\u2022 <strong>Quality that lasts<\/strong> \u2013 Precise workmanship, fair prices, and on-time delivery are a given with us.<br \/>\u2022 <strong>From design to finished product<\/strong> \u2013 We handle everything: prototype, material, welding, painting, and final assembly.<br \/>\u2022 <strong>Details make the difference<\/strong> \u2013 We manufacture so the result fits your needs perfectly \u2013 both functionally and visually.<br \/>\u2022 <strong>Smooth cooperation<\/strong> \u2013 We are flexible, approachable, and always look for solutions that make sense for you.<\/p><p>Want more than just a supplier? We are a partner you can rely on.<\/p>\t\t\t\t\t\t\t\t<\/div>\n\t\t\t\t<\/div>\n\t\t\t\t<div class=\"elementor-element elementor-element-f13b40b elementor-widget elementor-widget-text-editor\" data-id=\"f13b40b\" data-element_type=\"widget\" data-widget_type=\"text-editor.default\">\n\t\t\t\t<div class=\"elementor-widget-container\">\n\t\t\t\t\t\t\t\t\t<h2>We are <strong>TISAX<\/strong> and <strong>ISO 9001<\/strong> certified.<\/h2>\t\t\t\t\t\t\t\t<\/div>\n\t\t\t\t<\/div>\n\t\t\t\t<div class=\"elementor-element elementor-element-342a7f5 elementor-widget elementor-widget-image\" data-id=\"342a7f5\" data-element_type=\"widget\" data-widget_type=\"image.default\">\n\t\t\t\t<div class=\"elementor-widget-container\">\n\t\t\t\t\t\t\t\t\t\t\t\t\t\t\t\t<a href=\"https:\/\/zkmetal.cz\/wp-content\/uploads\/2020\/03\/certifikat_ag_2020_2022.pdf\" target=\"_blank\">\n\t\t\t\t\t\t\t<img decoding=\"async\" width=\"1024\" height=\"650\" src=\"https:\/\/zkmetal.cz\/wp-content\/uploads\/2023\/07\/TISAX-Result-ohne-Verlauf-1024x650.jpg\" class=\"attachment-large size-large wp-image-1156\" alt=\"\" srcset=\"https:\/\/zkmetal.cz\/wp-content\/uploads\/2023\/07\/TISAX-Result-ohne-Verlauf-1024x650.jpg 1024w, https:\/\/zkmetal.cz\/wp-content\/uploads\/2023\/07\/TISAX-Result-ohne-Verlauf-300x190.jpg 300w, https:\/\/zkmetal.cz\/wp-content\/uploads\/2023\/07\/TISAX-Result-ohne-Verlauf-768x487.jpg 768w, https:\/\/zkmetal.cz\/wp-content\/uploads\/2023\/07\/TISAX-Result-ohne-Verlauf-1536x975.jpg 1536w, https:\/\/zkmetal.cz\/wp-content\/uploads\/2023\/07\/TISAX-Result-ohne-Verlauf.jpg 1836w\" sizes=\"(max-width: 1024px) 100vw, 1024px\" \/>\t\t\t\t\t\t\t\t<\/a>\n\t\t\t\t\t\t\t\t\t\t\t\t\t\t\t<\/div>\n\t\t\t\t<\/div>\n\t\t\t\t<div class=\"elementor-element elementor-element-7a432cd elementor-widget elementor-widget-text-editor\" data-id=\"7a432cd\" data-element_type=\"widget\" data-widget_type=\"text-editor.default\">\n\t\t\t\t<div class=\"elementor-widget-container\">\n\t\t\t\t\t\t\t\t\t<p>Our main focus is on <strong>metal transport pallets<\/strong>, which play a key role not only in the automotive industry but also in other sectors. We have been dedicated to their production for more than 25 years, which allows us to offer proven and functional solutions.<br \/>We are equipped with modern technology to handle a wide range of projects \u2013 including <strong>profile and flat fiber lasers, welding robots and cobots, and powder coating<\/strong>.<br \/>We have our <strong>own development and <\/strong>production division, where we create <strong>prototypes for various industrial sectors<\/strong>, including jigs for subsequent series production.<br \/>We work with <strong>3D systems Catia V5 and SolidWorks<\/strong>, and for quality control we use <strong>HENDY 3D NEXT measurement<\/strong>.<\/p>\t\t\t\t\t\t\t\t<\/div>\n\t\t\t\t<\/div>\n\t\t\t\t\t<\/div>\n\t\t<\/div>\n\t\t\t\t\t<\/div>\n\t\t<\/section>\n\t\t\t\t<\/div>\n\t\t","protected":false},"excerpt":{"rendered":"<p>About company Our story began back in 1991, when Mr. Josef \u017dern\u00ed\u010dek founded the company ZK \u017dERN\u00cd\u010cEK KOVOV\u00ddROBA s.r.o. From the very first orders to comprehensive metal production, we gradually built a strong reputation in the market. With the arrival of the second generation of the \u017dern\u00ed\u010dek family, further development followed \u2013 we moved to [&hellip;]<\/p>\n","protected":false},"author":1,"featured_media":0,"parent":0,"menu_order":0,"comment_status":"closed","ping_status":"closed","template":"elementor_canvas","meta":{"inline_featured_image":false,"site-sidebar-layout":"no-sidebar","site-content-layout":"plain-container","ast-site-content-layout":"default","site-content-style":"default","site-sidebar-style":"default","ast-global-header-display":"","ast-banner-title-visibility":"","ast-main-header-display":"","ast-hfb-above-header-display":"","ast-hfb-below-header-display":"","ast-hfb-mobile-header-display":"","site-post-title":"disabled","ast-breadcrumbs-content":"","ast-featured-img":"disabled","footer-sml-layout":"","theme-transparent-header-meta":"default","adv-header-id-meta":"","stick-header-meta":"","header-above-stick-meta":"","header-main-stick-meta":"","header-below-stick-meta":"","astra-migrate-meta-layouts":"default","ast-page-background-enabled":"default","ast-page-background-meta":{"desktop":{"background-color":"","background-image":"","background-repeat":"repeat","background-position":"center center","background-size":"auto","background-attachment":"scroll","background-type":"","background-media":"","overlay-type":"","overlay-color":"","overlay-opacity":"","overlay-gradient":""},"tablet":{"background-color":"","background-image":"","background-repeat":"repeat","background-position":"center center","background-size":"auto","background-attachment":"scroll","background-type":"","background-media":"","overlay-type":"","overlay-color":"","overlay-opacity":"","overlay-gradient":""},"mobile":{"background-color":"","background-image":"","background-repeat":"repeat","background-position":"center center","background-size":"auto","background-attachment":"scroll","background-type":"","background-media":"","overlay-type":"","overlay-color":"","overlay-opacity":"","overlay-gradient":""}},"ast-content-background-meta":{"desktop":{"background-color":"var(--ast-global-color-5)","background-image":"","background-repeat":"repeat","background-position":"center center","background-size":"auto","background-attachment":"scroll","background-type":"","background-media":"","overlay-type":"","overlay-color":"","overlay-opacity":"","overlay-gradient":""},"tablet":{"background-color":"var(--ast-global-color-5)","background-image":"","background-repeat":"repeat","background-position":"center center","background-size":"auto","background-attachment":"scroll","background-type":"","background-media":"","overlay-type":"","overlay-color":"","overlay-opacity":"","overlay-gradient":""},"mobile":{"background-color":"var(--ast-global-color-5)","background-image":"","background-repeat":"repeat","background-position":"center center","background-size":"auto","background-attachment":"scroll","background-type":"","background-media":"","overlay-type":"","overlay-color":"","overlay-opacity":"","overlay-gradient":""}},"footnotes":""},"class_list":["post-603","page","type-page","status-publish","hentry"],"yoast_head":"<!-- This site is optimized with the Yoast SEO plugin v26.3 - https:\/\/yoast.com\/wordpress\/plugins\/seo\/ -->\n<title>About company - KOVOV\u00ddROBA - ZK METAL, \u0160t\u00edty<\/title>\n<meta name=\"robots\" content=\"index, follow, max-snippet:-1, max-image-preview:large, max-video-preview:-1\" \/>\n<link rel=\"canonical\" href=\"https:\/\/zkmetal.cz\/o-spolecnosti\/\" \/>\n<meta property=\"og:locale\" content=\"en_US\" \/>\n<meta property=\"og:type\" content=\"article\" \/>\n<meta property=\"og:title\" content=\"About company - KOVOV\u00ddROBA - ZK METAL, \u0160t\u00edty\" \/>\n<meta property=\"og:description\" content=\"About company Our story began back in 1991, when Mr. Josef \u017dern\u00ed\u010dek founded the company ZK \u017dERN\u00cd\u010cEK KOVOV\u00ddROBA s.r.o. From the very first orders to comprehensive metal production, we gradually built a strong reputation in the market. With the arrival of the second generation of the \u017dern\u00ed\u010dek family, further development followed \u2013 we moved to [&hellip;]\" \/>\n<meta property=\"og:url\" content=\"https:\/\/zkmetal.cz\/o-spolecnosti\/\" \/>\n<meta property=\"og:site_name\" content=\"KOVOV\u00ddROBA - ZK METAL, \u0160t\u00edty\" \/>\n<meta property=\"article:modified_time\" content=\"2025-12-09T07:20:31+00:00\" \/>\n<meta property=\"og:image\" content=\"https:\/\/zkmetal.cz\/wp-content\/uploads\/2020\/03\/firma.jpg\" \/>\n\t<meta property=\"og:image:width\" content=\"2000\" \/>\n\t<meta property=\"og:image:height\" content=\"1010\" \/>\n\t<meta property=\"og:image:type\" content=\"image\/jpeg\" \/>\n<meta name=\"twitter:card\" content=\"summary_large_image\" \/>\n<meta name=\"twitter:label1\" content=\"Est. reading time\" \/>\n\t<meta name=\"twitter:data1\" content=\"2 minutes\" \/>\n<script type=\"application\/ld+json\" class=\"yoast-schema-graph\">{\"@context\":\"https:\/\/schema.org\",\"@graph\":[{\"@type\":\"WebPage\",\"@id\":\"https:\/\/zkmetal.cz\/o-spolecnosti\/\",\"url\":\"https:\/\/zkmetal.cz\/o-spolecnosti\/\",\"name\":\"About company - KOVOV\u00ddROBA - ZK METAL, \u0160t\u00edty\",\"isPartOf\":{\"@id\":\"https:\/\/zkmetal.cz\/#website\"},\"primaryImageOfPage\":{\"@id\":\"https:\/\/zkmetal.cz\/o-spolecnosti\/#primaryimage\"},\"image\":{\"@id\":\"https:\/\/zkmetal.cz\/o-spolecnosti\/#primaryimage\"},\"thumbnailUrl\":\"https:\/\/zkmetal.cz\/wp-content\/uploads\/2020\/03\/firma.jpg\",\"datePublished\":\"2020-04-08T16:00:16+00:00\",\"dateModified\":\"2025-12-09T07:20:31+00:00\",\"breadcrumb\":{\"@id\":\"https:\/\/zkmetal.cz\/o-spolecnosti\/#breadcrumb\"},\"inLanguage\":\"en-US\",\"potentialAction\":[{\"@type\":\"ReadAction\",\"target\":[\"https:\/\/zkmetal.cz\/o-spolecnosti\/\"]}]},{\"@type\":\"ImageObject\",\"inLanguage\":\"en-US\",\"@id\":\"https:\/\/zkmetal.cz\/o-spolecnosti\/#primaryimage\",\"url\":\"https:\/\/zkmetal.cz\/wp-content\/uploads\/2020\/03\/firma.jpg\",\"contentUrl\":\"https:\/\/zkmetal.cz\/wp-content\/uploads\/2020\/03\/firma.jpg\"},{\"@type\":\"BreadcrumbList\",\"@id\":\"https:\/\/zkmetal.cz\/o-spolecnosti\/#breadcrumb\",\"itemListElement\":[{\"@type\":\"ListItem\",\"position\":1,\"name\":\"Home\",\"item\":\"https:\/\/zkmetal.cz\/\"},{\"@type\":\"ListItem\",\"position\":2,\"name\":\"About company\"}]},{\"@type\":\"WebSite\",\"@id\":\"https:\/\/zkmetal.cz\/#website\",\"url\":\"https:\/\/zkmetal.cz\/\",\"name\":\"KOVOV\u00ddROBA - ZK METAL, \u0160t\u00edty\",\"description\":\"\",\"publisher\":{\"@id\":\"https:\/\/zkmetal.cz\/#organization\"},\"potentialAction\":[{\"@type\":\"SearchAction\",\"target\":{\"@type\":\"EntryPoint\",\"urlTemplate\":\"https:\/\/zkmetal.cz\/?s={search_term_string}\"},\"query-input\":{\"@type\":\"PropertyValueSpecification\",\"valueRequired\":true,\"valueName\":\"search_term_string\"}}],\"inLanguage\":\"en-US\"},{\"@type\":\"Organization\",\"@id\":\"https:\/\/zkmetal.cz\/#organization\",\"name\":\"KOVOV\u00ddROBA - ZK METAL, \u0160t\u00edty\",\"url\":\"https:\/\/zkmetal.cz\/\",\"logo\":{\"@type\":\"ImageObject\",\"inLanguage\":\"en-US\",\"@id\":\"https:\/\/zkmetal.cz\/#\/schema\/logo\/image\/\",\"url\":\"https:\/\/zkmetal.cz\/wp-content\/uploads\/2025\/09\/ZKMETAL_logo.svg\",\"contentUrl\":\"https:\/\/zkmetal.cz\/wp-content\/uploads\/2025\/09\/ZKMETAL_logo.svg\",\"width\":216,\"height\":75,\"caption\":\"KOVOV\u00ddROBA - ZK METAL, \u0160t\u00edty\"},\"image\":{\"@id\":\"https:\/\/zkmetal.cz\/#\/schema\/logo\/image\/\"}}]}<\/script>\n<!-- \/ Yoast SEO plugin. -->","yoast_head_json":{"title":"About company - KOVOV\u00ddROBA - ZK METAL, \u0160t\u00edty","robots":{"index":"index","follow":"follow","max-snippet":"max-snippet:-1","max-image-preview":"max-image-preview:large","max-video-preview":"max-video-preview:-1"},"canonical":"https:\/\/zkmetal.cz\/o-spolecnosti\/","og_locale":"en_US","og_type":"article","og_title":"About company - KOVOV\u00ddROBA - ZK METAL, \u0160t\u00edty","og_description":"About company Our story began back in 1991, when Mr. Josef \u017dern\u00ed\u010dek founded the company ZK \u017dERN\u00cd\u010cEK KOVOV\u00ddROBA s.r.o. From the very first orders to comprehensive metal production, we gradually built a strong reputation in the market. With the arrival of the second generation of the \u017dern\u00ed\u010dek family, further development followed \u2013 we moved to [&hellip;]","og_url":"https:\/\/zkmetal.cz\/o-spolecnosti\/","og_site_name":"KOVOV\u00ddROBA - ZK METAL, \u0160t\u00edty","article_modified_time":"2025-12-09T07:20:31+00:00","og_image":[{"width":2000,"height":1010,"url":"https:\/\/zkmetal.cz\/wp-content\/uploads\/2020\/03\/firma.jpg","type":"image\/jpeg"}],"twitter_card":"summary_large_image","twitter_misc":{"Est. reading time":"2 minutes"},"schema":{"@context":"https:\/\/schema.org","@graph":[{"@type":"WebPage","@id":"https:\/\/zkmetal.cz\/o-spolecnosti\/","url":"https:\/\/zkmetal.cz\/o-spolecnosti\/","name":"About company - KOVOV\u00ddROBA - ZK METAL, \u0160t\u00edty","isPartOf":{"@id":"https:\/\/zkmetal.cz\/#website"},"primaryImageOfPage":{"@id":"https:\/\/zkmetal.cz\/o-spolecnosti\/#primaryimage"},"image":{"@id":"https:\/\/zkmetal.cz\/o-spolecnosti\/#primaryimage"},"thumbnailUrl":"https:\/\/zkmetal.cz\/wp-content\/uploads\/2020\/03\/firma.jpg","datePublished":"2020-04-08T16:00:16+00:00","dateModified":"2025-12-09T07:20:31+00:00","breadcrumb":{"@id":"https:\/\/zkmetal.cz\/o-spolecnosti\/#breadcrumb"},"inLanguage":"en-US","potentialAction":[{"@type":"ReadAction","target":["https:\/\/zkmetal.cz\/o-spolecnosti\/"]}]},{"@type":"ImageObject","inLanguage":"en-US","@id":"https:\/\/zkmetal.cz\/o-spolecnosti\/#primaryimage","url":"https:\/\/zkmetal.cz\/wp-content\/uploads\/2020\/03\/firma.jpg","contentUrl":"https:\/\/zkmetal.cz\/wp-content\/uploads\/2020\/03\/firma.jpg"},{"@type":"BreadcrumbList","@id":"https:\/\/zkmetal.cz\/o-spolecnosti\/#breadcrumb","itemListElement":[{"@type":"ListItem","position":1,"name":"Home","item":"https:\/\/zkmetal.cz\/"},{"@type":"ListItem","position":2,"name":"About company"}]},{"@type":"WebSite","@id":"https:\/\/zkmetal.cz\/#website","url":"https:\/\/zkmetal.cz\/","name":"KOVOV\u00ddROBA - ZK METAL, \u0160t\u00edty","description":"","publisher":{"@id":"https:\/\/zkmetal.cz\/#organization"},"potentialAction":[{"@type":"SearchAction","target":{"@type":"EntryPoint","urlTemplate":"https:\/\/zkmetal.cz\/?s={search_term_string}"},"query-input":{"@type":"PropertyValueSpecification","valueRequired":true,"valueName":"search_term_string"}}],"inLanguage":"en-US"},{"@type":"Organization","@id":"https:\/\/zkmetal.cz\/#organization","name":"KOVOV\u00ddROBA - ZK METAL, \u0160t\u00edty","url":"https:\/\/zkmetal.cz\/","logo":{"@type":"ImageObject","inLanguage":"en-US","@id":"https:\/\/zkmetal.cz\/#\/schema\/logo\/image\/","url":"https:\/\/zkmetal.cz\/wp-content\/uploads\/2025\/09\/ZKMETAL_logo.svg","contentUrl":"https:\/\/zkmetal.cz\/wp-content\/uploads\/2025\/09\/ZKMETAL_logo.svg","width":216,"height":75,"caption":"KOVOV\u00ddROBA - ZK METAL, \u0160t\u00edty"},"image":{"@id":"https:\/\/zkmetal.cz\/#\/schema\/logo\/image\/"}}]}},"_links":{"self":[{"href":"https:\/\/zkmetal.cz\/en\/wp-json\/wp\/v2\/pages\/603","targetHints":{"allow":["GET"]}}],"collection":[{"href":"https:\/\/zkmetal.cz\/en\/wp-json\/wp\/v2\/pages"}],"about":[{"href":"https:\/\/zkmetal.cz\/en\/wp-json\/wp\/v2\/types\/page"}],"author":[{"embeddable":true,"href":"https:\/\/zkmetal.cz\/en\/wp-json\/wp\/v2\/users\/1"}],"replies":[{"embeddable":true,"href":"https:\/\/zkmetal.cz\/en\/wp-json\/wp\/v2\/comments?post=603"}],"version-history":[{"count":14,"href":"https:\/\/zkmetal.cz\/en\/wp-json\/wp\/v2\/pages\/603\/revisions"}],"predecessor-version":[{"id":1782,"href":"https:\/\/zkmetal.cz\/en\/wp-json\/wp\/v2\/pages\/603\/revisions\/1782"}],"wp:attachment":[{"href":"https:\/\/zkmetal.cz\/en\/wp-json\/wp\/v2\/media?parent=603"}],"curies":[{"name":"wp","href":"https:\/\/api.w.org\/{rel}","templated":true}]}}